{"id":1472,"date":"2018-10-31T11:01:52","date_gmt":"2018-10-31T11:01:52","guid":{"rendered":"https:\/\/www.suitesmachado.com\/?page_id=1472"},"modified":"2018-12-12T10:49:51","modified_gmt":"2018-12-12T10:49:51","slug":"entorno","status":"publish","type":"page","link":"https:\/\/www.suitesmachado.com\/es\/entorno\/","title":{"rendered":"Entorno"},"content":{"rendered":"<div class=\"wpb-content-wrapper\"><p>[vc_row full_width=&#8221;stretch_row_content_no_spaces&#8221;][vc_column][layerslider_vc id=&#8221;2&#8243;][\/vc_column][\/vc_row][vc_row][vc_column]<div  class=\"empty-space  marg-lg-b65 marg-xs-b50\"><\/div>[\/vc_column][\/vc_row][vc_row][vc_column width=&#8221;1\/6&#8243;][\/vc_column][vc_column width=&#8221;2\/3&#8243;]<div  class=\"text-block__signature\"><div class=\"subtitle subtitle--left subtitle--sm\">Suites Machado<\/div><div class=\"title title--left title-color-black title--sm\"><h2>Entorno<\/h2><\/div><div class=\"spacing\" style=\"height: 4px\"><\/div><div class=\"text\"><p>El Barrio de Santa Cruz, en el que se encuentra Suites Machado, es el epicentro hist\u00f3rico y monumental de la ciudad de Sevilla, caracter\u00edstico por sus casas palaciegas, los museos y las iglesias del patrimonio art\u00edstico barroco del arte religioso andaluz. Rincones que pertenecieron a la antigua juder\u00eda de la ciudad de Sevilla y que rodean el palacio real en activo m\u00e1s antiguo de Europa, el Real Alc\u00e1zar de Sevilla, que junto a la espectacular catedral de la ciudad, se encuentran a unos pocos metros de Suites Machado. Adem\u00e1s, el barrio acoge elegantes bares de tapas y rincones de culto al flamenco, como es el caso de la Sala Fabiola, un lugar exclusivo y poco conocido por el turismo que mantiene viva la esencia del flamenco m\u00e1s tradicional. La propia calle, en la que se encuentra Suites Machado ofrece numerosas joyas culturales, como el \u00fanico tramo que permanece en pie de la muralla del antiguo barrio jud\u00edo de la ciudad.<\/p><\/div><div class=\"spacing\" style=\"height: 15px\"><\/div><\/div>[\/vc_column][vc_column width=&#8221;1\/6&#8243;][\/vc_column][\/vc_row][vc_row][vc_column]<div  class=\"empty-space  marg-lg-b65 marg-xs-b50\"><\/div>[\/vc_column][\/vc_row]<\/p>\n<\/div>","protected":false},"excerpt":{"rendered":"<p>[vc_row full_width=&#8221;stretch_row_content_no_spaces&#8221;][vc_column][layerslider_vc id=&#8221;2&#8243;][\/vc_column][\/vc_row][vc_row][vc_column][\/vc_column][\/vc_row][vc_row][vc_column width=&#8221;1\/6&#8243;][\/vc_column][vc_column width=&#8221;2\/3&#8243;][\/vc_column][vc_column width=&#8221;1\/6&#8243;][\/vc_column][\/vc_row][vc_row][vc_column][\/vc_column][\/vc_row]<\/p>\n","protected":false},"author":1,"featured_media":0,"parent":0,"menu_order":0,"comment_status":"closed","ping_status":"closed","template":"","meta":{"footnotes":""},"class_list":["post-1472","page","type-page","status-publish","hentry"],"yoast_head":"<!-- This site is optimized with the Yoast SEO plugin v25.3 - https:\/\/yoast.com\/wordpress\/plugins\/seo\/ -->\n<title>Entorno - Suite Machado<\/title>\n<meta name=\"robots\" content=\"index, follow, max-snippet:-1, max-image-preview:large, max-video-preview:-1\" \/>\n<link rel=\"canonical\" href=\"https:\/\/www.suitesmachado.com\/surroundings\/\" \/>\n<meta property=\"og:locale\" content=\"es_ES\" \/>\n<meta property=\"og:type\" content=\"article\" \/>\n<meta property=\"og:title\" content=\"Entorno - Suite Machado\" \/>\n<meta property=\"og:description\" content=\"[vc_row full_width=&#8221;stretch_row_content_no_spaces&#8221;][vc_column][layerslider_vc id=&#8221;2&#8243;][\/vc_column][\/vc_row][vc_row][vc_column][\/vc_column][\/vc_row][vc_row][vc_column width=&#8221;1\/6&#8243;][\/vc_column][vc_column width=&#8221;2\/3&#8243;][\/vc_column][vc_column width=&#8221;1\/6&#8243;][\/vc_column][\/vc_row][vc_row][vc_column][\/vc_column][\/vc_row]\" \/>\n<meta property=\"og:url\" content=\"https:\/\/www.suitesmachado.com\/surroundings\/\" \/>\n<meta property=\"og:site_name\" content=\"Suite Machado\" \/>\n<meta property=\"article:modified_time\" content=\"2018-12-12T10:49:51+00:00\" \/>\n<meta name=\"twitter:card\" content=\"summary_large_image\" \/>\n<meta name=\"twitter:label1\" content=\"Tiempo de lectura\" \/>\n\t<meta name=\"twitter:data1\" content=\"1 minuto\" \/>\n<script type=\"application\/ld+json\" class=\"yoast-schema-graph\">{\"@context\":\"https:\/\/schema.org\",\"@graph\":[{\"@type\":\"WebPage\",\"@id\":\"https:\/\/www.suitesmachado.com\/surroundings\/\",\"url\":\"https:\/\/www.suitesmachado.com\/surroundings\/\",\"name\":\"Entorno - Suite Machado\",\"isPartOf\":{\"@id\":\"https:\/\/www.suitesmachado.com\/#website\"},\"datePublished\":\"2018-10-31T11:01:52+00:00\",\"dateModified\":\"2018-12-12T10:49:51+00:00\",\"breadcrumb\":{\"@id\":\"https:\/\/www.suitesmachado.com\/surroundings\/#breadcrumb\"},\"inLanguage\":\"es\",\"potentialAction\":[{\"@type\":\"ReadAction\",\"target\":[\"https:\/\/www.suitesmachado.com\/surroundings\/\"]}]},{\"@type\":\"BreadcrumbList\",\"@id\":\"https:\/\/www.suitesmachado.com\/surroundings\/#breadcrumb\",\"itemListElement\":[{\"@type\":\"ListItem\",\"position\":1,\"name\":\"Home\",\"item\":\"https:\/\/www.suitesmachado.com\/es\/\"},{\"@type\":\"ListItem\",\"position\":2,\"name\":\"Entorno\"}]},{\"@type\":\"WebSite\",\"@id\":\"https:\/\/www.suitesmachado.com\/#website\",\"url\":\"https:\/\/www.suitesmachado.com\/\",\"name\":\"Suite Machado\",\"description\":\"Suite Machado\",\"potentialAction\":[{\"@type\":\"SearchAction\",\"target\":{\"@type\":\"EntryPoint\",\"urlTemplate\":\"https:\/\/www.suitesmachado.com\/?s={search_term_string}\"},\"query-input\":{\"@type\":\"PropertyValueSpecification\",\"valueRequired\":true,\"valueName\":\"search_term_string\"}}],\"inLanguage\":\"es\"}]}<\/script>\n<!-- \/ Yoast SEO plugin. -->","yoast_head_json":{"title":"Entorno - Suite Machado","robots":{"index":"index","follow":"follow","max-snippet":"max-snippet:-1","max-image-preview":"max-image-preview:large","max-video-preview":"max-video-preview:-1"},"canonical":"https:\/\/www.suitesmachado.com\/surroundings\/","og_locale":"es_ES","og_type":"article","og_title":"Entorno - Suite Machado","og_description":"[vc_row full_width=&#8221;stretch_row_content_no_spaces&#8221;][vc_column][layerslider_vc id=&#8221;2&#8243;][\/vc_column][\/vc_row][vc_row][vc_column][\/vc_column][\/vc_row][vc_row][vc_column width=&#8221;1\/6&#8243;][\/vc_column][vc_column width=&#8221;2\/3&#8243;][\/vc_column][vc_column width=&#8221;1\/6&#8243;][\/vc_column][\/vc_row][vc_row][vc_column][\/vc_column][\/vc_row]","og_url":"https:\/\/www.suitesmachado.com\/surroundings\/","og_site_name":"Suite Machado","article_modified_time":"2018-12-12T10:49:51+00:00","twitter_card":"summary_large_image","twitter_misc":{"Tiempo de lectura":"1 minuto"},"schema":{"@context":"https:\/\/schema.org","@graph":[{"@type":"WebPage","@id":"https:\/\/www.suitesmachado.com\/surroundings\/","url":"https:\/\/www.suitesmachado.com\/surroundings\/","name":"Entorno - Suite Machado","isPartOf":{"@id":"https:\/\/www.suitesmachado.com\/#website"},"datePublished":"2018-10-31T11:01:52+00:00","dateModified":"2018-12-12T10:49:51+00:00","breadcrumb":{"@id":"https:\/\/www.suitesmachado.com\/surroundings\/#breadcrumb"},"inLanguage":"es","potentialAction":[{"@type":"ReadAction","target":["https:\/\/www.suitesmachado.com\/surroundings\/"]}]},{"@type":"BreadcrumbList","@id":"https:\/\/www.suitesmachado.com\/surroundings\/#breadcrumb","itemListElement":[{"@type":"ListItem","position":1,"name":"Home","item":"https:\/\/www.suitesmachado.com\/es\/"},{"@type":"ListItem","position":2,"name":"Entorno"}]},{"@type":"WebSite","@id":"https:\/\/www.suitesmachado.com\/#website","url":"https:\/\/www.suitesmachado.com\/","name":"Suite Machado","description":"Suite Machado","potentialAction":[{"@type":"SearchAction","target":{"@type":"EntryPoint","urlTemplate":"https:\/\/www.suitesmachado.com\/?s={search_term_string}"},"query-input":{"@type":"PropertyValueSpecification","valueRequired":true,"valueName":"search_term_string"}}],"inLanguage":"es"}]}},"_links":{"self":[{"href":"https:\/\/www.suitesmachado.com\/es\/wp-json\/wp\/v2\/pages\/1472","targetHints":{"allow":["GET"]}}],"collection":[{"href":"https:\/\/www.suitesmachado.com\/es\/wp-json\/wp\/v2\/pages"}],"about":[{"href":"https:\/\/www.suitesmachado.com\/es\/wp-json\/wp\/v2\/types\/page"}],"author":[{"embeddable":true,"href":"https:\/\/www.suitesmachado.com\/es\/wp-json\/wp\/v2\/users\/1"}],"replies":[{"embeddable":true,"href":"https:\/\/www.suitesmachado.com\/es\/wp-json\/wp\/v2\/comments?post=1472"}],"version-history":[{"count":0,"href":"https:\/\/www.suitesmachado.com\/es\/wp-json\/wp\/v2\/pages\/1472\/revisions"}],"wp:attachment":[{"href":"https:\/\/www.suitesmachado.com\/es\/wp-json\/wp\/v2\/media?parent=1472"}],"curies":[{"name":"wp","href":"https:\/\/api.w.org\/{rel}","templated":true}]}}