{"id":1538,"date":"2018-11-02T18:21:07","date_gmt":"2018-11-02T18:21:07","guid":{"rendered":"https:\/\/www.suitesmachado.com\/?page_id=1538"},"modified":"2019-01-03T10:33:52","modified_gmt":"2019-01-03T10:33:52","slug":"casa-palacio","status":"publish","type":"page","link":"https:\/\/www.suitesmachado.com\/es\/casa-palacio\/","title":{"rendered":"Casa palacio"},"content":{"rendered":"<div class=\"wpb-content-wrapper\"><p>[vc_row full_width=&#8221;stretch_row_content_no_spaces&#8221;][vc_column][layerslider_vc id=&#8221;4&#8243;][\/vc_column][\/vc_row][vc_row full_width=&#8221;stretch_row_content_no_spaces&#8221;][vc_column]<div  class=\"empty-space  marg-lg-b65 marg-xs-b50\"><\/div>[\/vc_column][\/vc_row][vc_row][vc_column width=&#8221;1\/6&#8243;][\/vc_column][vc_column width=&#8221;2\/3&#8243;]<div  class=\"text-block__signature\"><div class=\"subtitle subtitle--left subtitle--sm\">Suites Machado<\/div><div class=\"title title--left title-color-black title--sm\"><h2>Una casa palacio del S XVII con el confort del S XXI<\/h2><\/div><div class=\"spacing\" style=\"height: 4px\"><\/div><div class=\"text\"><p>Suites Machado es el resultado de una concienzuda restauraci\u00f3n de esta casa palacio sevillana del S XVII. Cuando nos asomamos al zagu\u00e1n y vemos, a trav\u00e9s de la reja, el patio de la casa, parece que el tiempo se hubiera detenido en el verdor de las plantas, en los azules y verdes del z\u00f3calo, en las cristaleras que lo circundan, en los vetustos cuarterones de las puertas que lo rodean. La rehabilitaci\u00f3n se ha llevado a cabo con un claro objetivo: dotarla de todas las comodidades respetando su esencia para ofrecer la experiencia de su car\u00e1cter sosegado y elegante a quienes se alojen en alguna de sus seis exclusivas suites.<\/p>\n<p>Cada puerta, ventana, azulejo, loseta&#8230;se ha preservado y restaurado con mimo, desarmado, limpiado y bru\u00f1ido para que luzca con el esplendor de anta\u00f1o. Todo el mobiliario se ha conservado y reutilizado, intentando que lo inevitablemente nuevo no altere el delicado equilibrio est\u00e9tico del que gozan las estancias.<\/p>\n<p>Pero no ha sido \u00e9se el \u00fanico criterio: minimizar el impacto ambiental de la obra y su gesti\u00f3n ha sido y sigue siendo, marca de la casa. Guiados por el respeto a lo antiguo, conocedores de su valor y su calidad y conscientes de la huella de CO2 de adquirir nuevos materiales, cada elemento, por peque\u00f1o que fuera, ha encontrado su espacio: picaportes que cambian de puertas, puertas que cambian de sentido, ventanas que mudan de pared, muebles que encuentran nuevos rincones&#8230;la decoraci\u00f3n como un ejercicio de endogamia en el que el reto ha sido mantener inalterada la belleza de sus ambientes.<\/p><\/div><div class=\"spacing\" style=\"height: 15px\"><\/div><\/div>[vc_gallery type=&#8221;flexslider_slide&#8221; interval=&#8221;5&#8243; images=&#8221;2733,2736,2739,2745,2748,2751,2754&#8243; img_size=&#8221;770&#215;384&#8243; onclick=&#8221;&#8221; css=&#8221;.vc_custom_1544016183152{padding-right: 90px !important;}&#8221;]<div  class=\"empty-space  marg-lg-b20 marg-xs-b50\"><\/div>[\/vc_column][vc_column width=&#8221;1\/6&#8243;][\/vc_column][\/vc_row][vc_row full_width=&#8221;stretch_row_content_no_spaces&#8221;][vc_column]<div  class=\"empty-space  marg-lg-b50\"><\/div><div  class=\"jumbotron jumbotron--lg\"  data-image=\"https:\/\/www.suitesmachado.com\/wp-content\/uploads\/2018\/11\/casa-palacio-1-suites-m.jpg\"><div class=\"row\"><div class=\"col-md-12 jumbotron-text__content\"><div class=\"spacing\" style=\"height: 30px\"><\/div><div class=\"subtitle subtitle--lg\"><\/div><div class=\"title title--lg\"><\/div><\/div><\/div><\/div><div  class=\"empty-space  marg-lg-b50\"><\/div>[\/vc_column][\/vc_row][vc_row][vc_column width=&#8221;1\/6&#8243;][\/vc_column][vc_column width=&#8221;2\/3&#8243;]<div  class=\"text-block__signature\"><div class=\"subtitle subtitle--left subtitle--sm\"><\/div><div class=\"title title--left title-color-black title--sm\"><h2>Terraza mirador sol\u00e1rium con vistas<\/h2><\/div><div class=\"spacing\" style=\"height: 4px\"><\/div><div class=\"text\"><p>Desde su azotea, a la que se accede por un c\u00f3modo ascensor, se puede disfrutar del sol y de una privilegiada visi\u00f3n a la torre de la Catedral de Sevilla, La Giralda, las tradicionales construcciones del barrio de Santa Cruz, en el que se multiplican las espada\u00f1as de las iglesias cercanas y los torreones de las m\u00e1s nobles y antiguas casas sevillanas, dejando en la retina del observador una estampa \u00fanica e irrepetible.<\/p><\/div><div class=\"spacing\" style=\"height: 15px\"><\/div><\/div><img decoding=\"async\"  class=\"img-responsive  \" src=\"https:\/\/www.suitesmachado.com\/wp-content\/uploads\/2018\/12\/cas-palacio-1.jpg\" alt=\"\"><div  class=\"empty-space  marg-lg-b120 marg-xs-b50\"><\/div>[\/vc_column][vc_column width=&#8221;1\/6&#8243;][\/vc_column][\/vc_row][vc_row full_width=&#8221;stretch_row_content_no_spaces&#8221;][vc_column][vc_gallery type=&#8221;image_grid&#8221; images=&#8221;2436,2439,2442,2445,2448,2451&#8243; img_size=&#8221;full&#8221; onclick=&#8221;custom_link&#8221; css_animation=&#8221;fadeIn&#8221; el_id=&#8221;galeria_base1&#8243;][\/vc_column][\/vc_row]<\/p>\n<\/div>","protected":false},"excerpt":{"rendered":"<p>[vc_row full_width=&#8221;stretch_row_content_no_spaces&#8221;][vc_column][layerslider_vc id=&#8221;4&#8243;][\/vc_column][\/vc_row][vc_row full_width=&#8221;stretch_row_content_no_spaces&#8221;][vc_column][\/vc_column][\/vc_row][vc_row][vc_column width=&#8221;1\/6&#8243;][\/vc_column][vc_column width=&#8221;2\/3&#8243;][vc_gallery type=&#8221;flexslider_slide&#8221; interval=&#8221;5&#8243; images=&#8221;2733,2736,2739,2745,2748,2751,2754&#8243; img_size=&#8221;770&#215;384&#8243; onclick=&#8221;&#8221; css=&#8221;.vc_custom_1544016183152{padding-right: 90px !important;}&#8221;][\/vc_column][vc_column width=&#8221;1\/6&#8243;][\/vc_column][\/vc_row][vc_row full_width=&#8221;stretch_row_content_no_spaces&#8221;][vc_column][\/vc_column][\/vc_row][vc_row][vc_column width=&#8221;1\/6&#8243;][\/vc_column][vc_column width=&#8221;2\/3&#8243;][\/vc_column][vc_column width=&#8221;1\/6&#8243;][\/vc_column][\/vc_row][vc_row full_width=&#8221;stretch_row_content_no_spaces&#8221;][vc_column][vc_gallery type=&#8221;image_grid&#8221; images=&#8221;2436,2439,2442,2445,2448,2451&#8243; img_size=&#8221;full&#8221; onclick=&#8221;custom_link&#8221; css_animation=&#8221;fadeIn&#8221; el_id=&#8221;galeria_base1&#8243;][\/vc_column][\/vc_row]<\/p>\n","protected":false},"author":1,"featured_media":0,"parent":0,"menu_order":0,"comment_status":"closed","ping_status":"closed","template":"","meta":{"footnotes":""},"class_list":["post-1538","page","type-page","status-publish","hentry"],"yoast_head":"<!-- This site is optimized with the Yoast SEO plugin v25.3 - https:\/\/yoast.com\/wordpress\/plugins\/seo\/ -->\n<title>Casa palacio - Suite Machado<\/title>\n<meta name=\"robots\" content=\"index, follow, max-snippet:-1, max-image-preview:large, max-video-preview:-1\" \/>\n<link rel=\"canonical\" href=\"https:\/\/www.suitesmachado.com\/palace-home\/\" \/>\n<meta property=\"og:locale\" content=\"es_ES\" \/>\n<meta property=\"og:type\" content=\"article\" \/>\n<meta property=\"og:title\" content=\"Casa palacio - Suite Machado\" \/>\n<meta property=\"og:description\" content=\"[vc_row full_width=&#8221;stretch_row_content_no_spaces&#8221;][vc_column][layerslider_vc id=&#8221;4&#8243;][\/vc_column][\/vc_row][vc_row full_width=&#8221;stretch_row_content_no_spaces&#8221;][vc_column][\/vc_column][\/vc_row][vc_row][vc_column width=&#8221;1\/6&#8243;][\/vc_column][vc_column width=&#8221;2\/3&#8243;][vc_gallery type=&#8221;flexslider_slide&#8221; interval=&#8221;5&#8243; images=&#8221;2733,2736,2739,2745,2748,2751,2754&#8243; img_size=&#8221;770&#215;384&#8243; onclick=&#8221;&#8221; css=&#8221;.vc_custom_1544016183152{padding-right: 90px !important;}&#8221;][\/vc_column][vc_column width=&#8221;1\/6&#8243;][\/vc_column][\/vc_row][vc_row full_width=&#8221;stretch_row_content_no_spaces&#8221;][vc_column][\/vc_column][\/vc_row][vc_row][vc_column width=&#8221;1\/6&#8243;][\/vc_column][vc_column width=&#8221;2\/3&#8243;][\/vc_column][vc_column width=&#8221;1\/6&#8243;][\/vc_column][\/vc_row][vc_row full_width=&#8221;stretch_row_content_no_spaces&#8221;][vc_column][vc_gallery type=&#8221;image_grid&#8221; images=&#8221;2436,2439,2442,2445,2448,2451&#8243; img_size=&#8221;full&#8221; onclick=&#8221;custom_link&#8221; css_animation=&#8221;fadeIn&#8221; el_id=&#8221;galeria_base1&#8243;][\/vc_column][\/vc_row]\" \/>\n<meta property=\"og:url\" content=\"https:\/\/www.suitesmachado.com\/palace-home\/\" \/>\n<meta property=\"og:site_name\" content=\"Suite Machado\" \/>\n<meta property=\"article:modified_time\" content=\"2019-01-03T10:33:52+00:00\" \/>\n<meta name=\"twitter:card\" content=\"summary_large_image\" \/>\n<meta name=\"twitter:label1\" content=\"Tiempo de lectura\" \/>\n\t<meta name=\"twitter:data1\" content=\"3 minutos\" \/>\n<script type=\"application\/ld+json\" class=\"yoast-schema-graph\">{\"@context\":\"https:\/\/schema.org\",\"@graph\":[{\"@type\":\"WebPage\",\"@id\":\"https:\/\/www.suitesmachado.com\/palace-home\/\",\"url\":\"https:\/\/www.suitesmachado.com\/palace-home\/\",\"name\":\"Casa palacio - Suite Machado\",\"isPartOf\":{\"@id\":\"https:\/\/www.suitesmachado.com\/#website\"},\"datePublished\":\"2018-11-02T18:21:07+00:00\",\"dateModified\":\"2019-01-03T10:33:52+00:00\",\"breadcrumb\":{\"@id\":\"https:\/\/www.suitesmachado.com\/palace-home\/#breadcrumb\"},\"inLanguage\":\"es\",\"potentialAction\":[{\"@type\":\"ReadAction\",\"target\":[\"https:\/\/www.suitesmachado.com\/palace-home\/\"]}]},{\"@type\":\"BreadcrumbList\",\"@id\":\"https:\/\/www.suitesmachado.com\/palace-home\/#breadcrumb\",\"itemListElement\":[{\"@type\":\"ListItem\",\"position\":1,\"name\":\"Home\",\"item\":\"https:\/\/www.suitesmachado.com\/es\/\"},{\"@type\":\"ListItem\",\"position\":2,\"name\":\"Casa palacio\"}]},{\"@type\":\"WebSite\",\"@id\":\"https:\/\/www.suitesmachado.com\/#website\",\"url\":\"https:\/\/www.suitesmachado.com\/\",\"name\":\"Suite Machado\",\"description\":\"Suite Machado\",\"potentialAction\":[{\"@type\":\"SearchAction\",\"target\":{\"@type\":\"EntryPoint\",\"urlTemplate\":\"https:\/\/www.suitesmachado.com\/?s={search_term_string}\"},\"query-input\":{\"@type\":\"PropertyValueSpecification\",\"valueRequired\":true,\"valueName\":\"search_term_string\"}}],\"inLanguage\":\"es\"}]}<\/script>\n<!-- \/ Yoast SEO plugin. -->","yoast_head_json":{"title":"Casa palacio - Suite Machado","robots":{"index":"index","follow":"follow","max-snippet":"max-snippet:-1","max-image-preview":"max-image-preview:large","max-video-preview":"max-video-preview:-1"},"canonical":"https:\/\/www.suitesmachado.com\/palace-home\/","og_locale":"es_ES","og_type":"article","og_title":"Casa palacio - Suite Machado","og_description":"[vc_row full_width=&#8221;stretch_row_content_no_spaces&#8221;][vc_column][layerslider_vc id=&#8221;4&#8243;][\/vc_column][\/vc_row][vc_row full_width=&#8221;stretch_row_content_no_spaces&#8221;][vc_column][\/vc_column][\/vc_row][vc_row][vc_column width=&#8221;1\/6&#8243;][\/vc_column][vc_column width=&#8221;2\/3&#8243;][vc_gallery type=&#8221;flexslider_slide&#8221; interval=&#8221;5&#8243; images=&#8221;2733,2736,2739,2745,2748,2751,2754&#8243; img_size=&#8221;770&#215;384&#8243; onclick=&#8221;&#8221; css=&#8221;.vc_custom_1544016183152{padding-right: 90px !important;}&#8221;][\/vc_column][vc_column width=&#8221;1\/6&#8243;][\/vc_column][\/vc_row][vc_row full_width=&#8221;stretch_row_content_no_spaces&#8221;][vc_column][\/vc_column][\/vc_row][vc_row][vc_column width=&#8221;1\/6&#8243;][\/vc_column][vc_column width=&#8221;2\/3&#8243;][\/vc_column][vc_column width=&#8221;1\/6&#8243;][\/vc_column][\/vc_row][vc_row full_width=&#8221;stretch_row_content_no_spaces&#8221;][vc_column][vc_gallery type=&#8221;image_grid&#8221; images=&#8221;2436,2439,2442,2445,2448,2451&#8243; img_size=&#8221;full&#8221; onclick=&#8221;custom_link&#8221; css_animation=&#8221;fadeIn&#8221; el_id=&#8221;galeria_base1&#8243;][\/vc_column][\/vc_row]","og_url":"https:\/\/www.suitesmachado.com\/palace-home\/","og_site_name":"Suite Machado","article_modified_time":"2019-01-03T10:33:52+00:00","twitter_card":"summary_large_image","twitter_misc":{"Tiempo de lectura":"3 minutos"},"schema":{"@context":"https:\/\/schema.org","@graph":[{"@type":"WebPage","@id":"https:\/\/www.suitesmachado.com\/palace-home\/","url":"https:\/\/www.suitesmachado.com\/palace-home\/","name":"Casa palacio - Suite Machado","isPartOf":{"@id":"https:\/\/www.suitesmachado.com\/#website"},"datePublished":"2018-11-02T18:21:07+00:00","dateModified":"2019-01-03T10:33:52+00:00","breadcrumb":{"@id":"https:\/\/www.suitesmachado.com\/palace-home\/#breadcrumb"},"inLanguage":"es","potentialAction":[{"@type":"ReadAction","target":["https:\/\/www.suitesmachado.com\/palace-home\/"]}]},{"@type":"BreadcrumbList","@id":"https:\/\/www.suitesmachado.com\/palace-home\/#breadcrumb","itemListElement":[{"@type":"ListItem","position":1,"name":"Home","item":"https:\/\/www.suitesmachado.com\/es\/"},{"@type":"ListItem","position":2,"name":"Casa palacio"}]},{"@type":"WebSite","@id":"https:\/\/www.suitesmachado.com\/#website","url":"https:\/\/www.suitesmachado.com\/","name":"Suite Machado","description":"Suite Machado","potentialAction":[{"@type":"SearchAction","target":{"@type":"EntryPoint","urlTemplate":"https:\/\/www.suitesmachado.com\/?s={search_term_string}"},"query-input":{"@type":"PropertyValueSpecification","valueRequired":true,"valueName":"search_term_string"}}],"inLanguage":"es"}]}},"_links":{"self":[{"href":"https:\/\/www.suitesmachado.com\/es\/wp-json\/wp\/v2\/pages\/1538","targetHints":{"allow":["GET"]}}],"collection":[{"href":"https:\/\/www.suitesmachado.com\/es\/wp-json\/wp\/v2\/pages"}],"about":[{"href":"https:\/\/www.suitesmachado.com\/es\/wp-json\/wp\/v2\/types\/page"}],"author":[{"embeddable":true,"href":"https:\/\/www.suitesmachado.com\/es\/wp-json\/wp\/v2\/users\/1"}],"replies":[{"embeddable":true,"href":"https:\/\/www.suitesmachado.com\/es\/wp-json\/wp\/v2\/comments?post=1538"}],"version-history":[{"count":0,"href":"https:\/\/www.suitesmachado.com\/es\/wp-json\/wp\/v2\/pages\/1538\/revisions"}],"wp:attachment":[{"href":"https:\/\/www.suitesmachado.com\/es\/wp-json\/wp\/v2\/media?parent=1538"}],"curies":[{"name":"wp","href":"https:\/\/api.w.org\/{rel}","templated":true}]}}