{"id":1826,"date":"2018-11-06T15:51:02","date_gmt":"2018-11-06T15:51:02","guid":{"rendered":"https:\/\/www.suitesmachado.com\/?page_id=1826"},"modified":"2025-07-29T00:53:22","modified_gmt":"2025-07-29T00:53:22","slug":"ubicacion","status":"publish","type":"page","link":"https:\/\/www.suitesmachado.com\/es\/ubicacion\/","title":{"rendered":"Ubicaci\u00f3n"},"content":{"rendered":"<div class=\"wpb-content-wrapper\"><p>[vc_row full_width=&#8221;stretch_row_content_no_spaces&#8221;][vc_column][layerslider_vc id=&#8221;3&#8243;][\/vc_column][\/vc_row][vc_row][vc_column]<div  class=\"empty-space  marg-lg-b50 marg-xs-b50\"><\/div>[\/vc_column][\/vc_row][vc_row full_width=&#8221;stretch_row_content_no_spaces&#8221;][vc_column]<div  class=\"hb-google__map__iframe\"><iframe loading=\"lazy\" src=\"https:\/\/www.google.com\/maps\/embed?pb=!1m18!1m12!1m3!1d1926.7674805601043!2d-5.990106081602401!3d37.38649880622233!2m3!1f0!2f0!3f0!3m2!1i1024!2i768!4f13.1!3m3!1m2!1s0xd126c1bf182d069%3A0xa8a95120623f1cf1!2sCalle+Fabiola%2C+9%2C+41004+Sevilla!5e0!3m2!1ses!2ses!4v1541678064926\" width=\"100%\" height=\"590\" frameborder=\"0\" style=\"border:0\" allowfullscreen><\/iframe><\/div><div  class=\"empty-space  marg-lg-b50 marg-xs-b50\"><\/div>[\/vc_column][\/vc_row][vc_row][vc_column width=&#8221;1\/6&#8243;][\/vc_column][vc_column width=&#8221;2\/3&#8243;]<div  class=\"main-heading\"><span class=\"subtitle\" style=\"color:#666666;\">D\u00f3nde nos encontramos<\/span><h2 class=\"title\" style=\"color:#111111;\">Suites Machado<\/h2><\/div><div  class=\"empty-space  marg-lg-b30\"><\/div><div class=\"text-block \" ><div class=\"simple-text \"><p>Suites Machado se encuentra en Calle Fabiola, 9, en pleno casco hist\u00f3rico, en el Barrio de Santa Cruz, muy cerca de la Catedral y del palacio del Real Alc\u00e1zar de Sevilla.<\/p>\n<p>Se puede acceder en coche o en taxi hasta la misma puerta.<\/p>\n<\/div><\/div><div  class=\"empty-space  marg-lg-b30\"><\/div><div  class=\"panel-group mb-0\" id=\"parent-6a05bf40d215d\" role=\"tablist\" aria-multiselectable=\"true\"><div class=\"panel panel-default\"><div class=\"panel-heading\" role=\"tab\"><h4 class=\"panel-title\"><a role=\"button\" data-toggle=\"collapse\" data-parent=\"#parent-6a05bf40d215d\" href=\"#accordion-6a05bf40d2165\" aria-expanded=\"false\" aria-controls=\"accordion-6a05bf40d2165\">Parking m\u00e1s cercano<\/a><\/h4><\/div><div id=\"accordion-6a05bf40d2165\" class=\"panel-collapse collapse in \" role=\"tabpanel\"><div class=\"panel-body\">[vc_row_inner][vc_column_inner width=&#8221;1\/6&#8243;][vc_icon icon_fontawesome=&#8221;fa fa-car&#8221; color=&#8221;custom&#8221; background_style=&#8221;rounded-less-outline&#8221; size=&#8221;xs&#8221; align=&#8221;center&#8221; custom_color=&#8221;#c7b39a&#8221;][\/vc_column_inner][vc_column_inner width=&#8221;1\/2&#8243;]<div class=\"text-block \" ><div class=\"simple-text \"><p>Cano y Cueto (a 300 metros)<\/p>\n<\/div><\/div>[\/vc_column_inner][vc_column_inner width=&#8221;1\/3&#8243;]<div class=\"text-center\"><a  class=\"btn btn--md btn--normal\" href=\"https:\/\/www.google.com\/search?client=firefox-b&#038;tbm=lcl&#038;ei=F9f_W_2hKeyVgAa0i5bgCg&#038;q=aparcamiento+Cano+y+Cueto+sevilla&#038;oq=aparcamiento+Cano+y+Cueto+sevilla&#038;gs_l=psy-ab.3..0j0i22i30k1.21112.26689.0.26889.22.17.0.5.5.0.95.1244.17.17.0....0...1c.1j2.64.psy-ab..0.22.1257...0i131k1j0i67k1.0.w1Dn4UAZKn0#rlfi=hd:;si:14095982215834053922;mv:!1m2!1d37.385602377319024!2d-5.986595390672171!2m2!1d37.38524242268097!2d-5.987048409327828\" title=\"button\" target=\"_blank\">Enlace ubicaci\u00f3n<\/a><\/div>[\/vc_column_inner][\/vc_row_inner]<\/div><\/div><\/div><div class=\"panel panel-default\"><div class=\"panel-heading\" role=\"tab\"><h4 class=\"panel-title\"><a role=\"button\" data-toggle=\"collapse\" data-parent=\"#parent-6a05bf40d215d\" href=\"#accordion-6a05bf40d23ab\" aria-expanded=\"false\" aria-controls=\"accordion-6a05bf40d23ab\">Desde el Aeropuerto<\/a><\/h4><\/div><div id=\"accordion-6a05bf40d23ab\" class=\"panel-collapse\" role=\"tabpanel\"><div class=\"panel-body\">[vc_row_inner][vc_column_inner width=&#8221;1\/6&#8243;][vc_icon icon_fontawesome=&#8221;fa fa-bus&#8221; color=&#8221;custom&#8221; background_style=&#8221;rounded-less-outline&#8221; size=&#8221;xs&#8221; align=&#8221;center&#8221; custom_color=&#8221;#c7b39a&#8221;][\/vc_column_inner][vc_column_inner width=&#8221;1\/2&#8243;]<div class=\"text-block \" ><div class=\"simple-text \"><p>En <strong>Taxi<\/strong> por unos 30\u20ac. M\u00e1ximo 4 personas. Calcular 30 minutos.<br \/>\nEn <strong>Bus<\/strong> (L\u00ednea EA) hasta parada Avenida Carlos V-Prado S. Sebasti\u00e1n por 6\u20ac\/persona y luego 15 minutos a pie. Calcular 50 minutos.<\/p>\n<\/div><\/div>[\/vc_column_inner][vc_column_inner width=&#8221;1\/3&#8243;]<div class=\"text-center\"><a  class=\"btn btn--md btn--normal\" href=\"https:\/\/www.google.com\/search?client=firefox-b&#038;q=parada+carlos+v+prado+san+sebasti%C3%A1n&#038;npsic=0&#038;rflfq=1&#038;rlha=0&#038;rllag=37380807,-5985747,97&#038;tbm=lcl&#038;ved=2ahUKEwj7oZn1n_LeAhVLB8AKHfNjATcQtgN6BAgCEAQ&#038;tbs=lrf:!3sIAE,lf:1,lf_ui:3&#038;rldoc=1#rldoc=1&#038;rlfi=hd:;si:0xd126c202cce4057:0x90190676f02e4348;mv:!1m2!1d37.3809945!2d-5.979514099999999!2m2!1d37.371428099999996!2d-5.9868217\" title=\"button\" target=\"_blank\">Enlace ubicaci\u00f3n parada<\/a><\/div>[vc_empty_space height=&#8221;6px&#8221;]<div class=\"text-center\"><a  class=\"btn btn--md btn--normal\" href=\"https:\/\/reddelineas.tussam.es\/?linea=EA&#038;lang=es\" title=\"button\" target=\"_blank\">Enlace horarios<\/a><\/div>[\/vc_column_inner][\/vc_row_inner]<\/div><\/div><\/div><div class=\"panel panel-default\"><div class=\"panel-heading\" role=\"tab\"><h4 class=\"panel-title\"><a role=\"button\" data-toggle=\"collapse\" data-parent=\"#parent-6a05bf40d215d\" href=\"#accordion-6a05bf40d2604\" aria-expanded=\"false\" aria-controls=\"accordion-6a05bf40d2604\">Desde Estaci\u00f3n de Ferrocarril Santa Justa (AVE)<\/a><\/h4><\/div><div id=\"accordion-6a05bf40d2604\" class=\"panel-collapse\" role=\"tabpanel\"><div class=\"panel-body\">[vc_row_inner][vc_column_inner width=&#8221;1\/6&#8243;][vc_icon icon_fontawesome=&#8221;fa fa-bus&#8221; color=&#8221;custom&#8221; background_style=&#8221;rounded-less-outline&#8221; size=&#8221;xs&#8221; align=&#8221;center&#8221; custom_color=&#8221;#c7b39a&#8221;][\/vc_column_inner][vc_column_inner width=&#8221;1\/2&#8243;]<div class=\"text-block \" ><div class=\"simple-text \"><p><strong>Andando<\/strong> son 20 minutos.<br \/>\nEn <strong>Taxi<\/strong> por unos 15\u20ac. M\u00e1ximo 4 personas. En total 15 minutos.<br \/>\nEn <strong>Bus<\/strong> (L\u00ednea 21 direcci\u00f3n Plaza de Armas) hasta parada Men\u00e9ndez Pelayo-Puerta de la Carne por 1,40\u20ac\/persona y luego 5 minutos a pie. En total 30 minutos.<\/p>\n<\/div><\/div>[\/vc_column_inner][vc_column_inner width=&#8221;1\/3&#8243;]<div class=\"text-center\"><a  class=\"btn btn--md btn--normal\" href=\"https:\/\/www.google.com\/search?client=firefox-b&#038;q=parada+carlos+v+prado+san+sebasti%C3%A1n&#038;npsic=0&#038;rflfq=1&#038;rlha=0&#038;rllag=37380807,-5985747,97&#038;tbm=lcl&#038;ved=2ahUKEwj7oZn1n_LeAhVLB8AKHfNjATcQtgN6BAgCEAQ&#038;tbs=lrf:!3sIAE,lf:1,lf_ui:3&#038;rldoc=1#rldoc=1&#038;rlfi=hd:;si:0xd126c1dd6a6b215:0xd221ab7f3c9485d4;mv:!1m2!1d37.38863055959009!2d-5.974896429299179!2m2!1d37.37746271525764!2d-5.9930281622398525\" title=\"button\" target=\"_blank\">Enlace ubicaci\u00f3n parada<\/a><\/div>[\/vc_column_inner][\/vc_row_inner]<\/div><\/div><\/div><div class=\"panel panel-default\"><div class=\"panel-heading\" role=\"tab\"><h4 class=\"panel-title\"><a role=\"button\" data-toggle=\"collapse\" data-parent=\"#parent-6a05bf40d215d\" href=\"#accordion-6a05bf40d27c9\" aria-expanded=\"false\" aria-controls=\"accordion-6a05bf40d27c9\">Desde Estaci\u00f3n de Ferrocarril San Bernardo<\/a><\/h4><\/div><div id=\"accordion-6a05bf40d27c9\" class=\"panel-collapse\" role=\"tabpanel\"><div class=\"panel-body\">[vc_row_inner][vc_column_inner width=&#8221;1\/6&#8243;][vc_icon icon_fontawesome=&#8221;fa fa-train&#8221; color=&#8221;custom&#8221; background_style=&#8221;rounded-less-outline&#8221; size=&#8221;xs&#8221; align=&#8221;center&#8221; custom_color=&#8221;#c7b39a&#8221;][\/vc_column_inner][vc_column_inner width=&#8221;1\/2&#8243;]<div class=\"text-block \" ><div class=\"simple-text \"><p><strong>Andando<\/strong> son 20 minutos.<br \/>\nEn <strong>Taxi<\/strong> por unos 15\u20ac. M\u00e1ximo 4 personas. En total 15 minutos.<br \/>\nEn <strong>Tranv\u00eda<\/strong> comprar ticket en parada antes de subir (L\u00ednea T1 direcci\u00f3n Plaza Nueva) hasta parada Archivo de Indias por 1,40\u20ac\/persona y luego 10 minutos a pie. En total 20 minutos.<\/p>\n<\/div><\/div>[\/vc_column_inner][vc_column_inner width=&#8221;1\/3&#8243;]<div class=\"text-center\"><a  class=\"btn btn--md btn--normal\" href=\"https:\/\/www.google.com\/maps\/place\/Av.+de+la+Constituci%C3%B3n,+32,+41001+Sevilla\/@37.389335,-5.9916305,15.14z\/data=!4m19!1m13!4m12!1m3!2m2!1d-5.993865!2d37.3847705!1m6!1m2!1s0xd126c1bf182d069:0xa8a95120623f1cf1!2sCalle+Fabiola,+9,+Sevilla!2m2!1d-5.989031!2d37.3870365!3e2!3m4!1s0xd126c175c0ae571:0x8bc3afad0692b69!8m2!3d37.3848!4d-5.9942399\" title=\"button\" target=\"_blank\">Enlace ubicaci\u00f3n<\/a><\/div>[\/vc_column_inner][\/vc_row_inner]<\/div><\/div><\/div><div class=\"panel panel-default\"><div class=\"panel-heading\" role=\"tab\"><h4 class=\"panel-title\"><a role=\"button\" data-toggle=\"collapse\" data-parent=\"#parent-6a05bf40d215d\" href=\"#accordion-6a05bf40d29a5\" aria-expanded=\"false\" aria-controls=\"accordion-6a05bf40d29a5\">Desde estaci\u00f3n de autobuses Prado de San Sebasti\u00e1n<\/a><\/h4><\/div><div id=\"accordion-6a05bf40d29a5\" class=\"panel-collapse\" role=\"tabpanel\"><div class=\"panel-body\">[vc_row_inner][vc_column_inner width=&#8221;1\/6&#8243;][vc_icon icon_fontawesome=&#8221;fa fa-train&#8221; color=&#8221;custom&#8221; background_style=&#8221;rounded-less-outline&#8221; size=&#8221;xs&#8221; align=&#8221;center&#8221; custom_color=&#8221;#c7b39a&#8221;][\/vc_column_inner][vc_column_inner width=&#8221;1\/2&#8243;]<div class=\"text-block \" ><div class=\"simple-text \"><p><strong>Andando<\/strong> son 15 minutos.<br \/>\nEn <strong>Taxi<\/strong> por unos 7\u20ac. M\u00e1ximo 4 personas. En total 10 minutos.<\/p>\n<\/div><\/div>[\/vc_column_inner][vc_column_inner width=&#8221;1\/3&#8243;]<div class=\"text-center\"><a  class=\"btn btn--md btn--normal\" href=\"https:\/\/maps.app.goo.gl\/2X2mYnei94kBzrx97\" title=\"button\" target=\"_blank\">Enlace ubicaci\u00f3n<\/a><\/div>[\/vc_column_inner][\/vc_row_inner]<\/div><\/div><\/div><div class=\"panel panel-default\"><div class=\"panel-heading\" role=\"tab\"><h4 class=\"panel-title\"><a role=\"button\" data-toggle=\"collapse\" data-parent=\"#parent-6a05bf40d215d\" href=\"#accordion-6a05bf40d2b6b\" aria-expanded=\"false\" aria-controls=\"accordion-6a05bf40d2b6b\">Desde estaci\u00f3n de autobuses Plaza de Armas<\/a><\/h4><\/div><div id=\"accordion-6a05bf40d2b6b\" class=\"panel-collapse\" role=\"tabpanel\"><div class=\"panel-body\">[vc_row_inner][vc_column_inner width=&#8221;1\/6&#8243;][vc_icon icon_fontawesome=&#8221;fa fa-train&#8221; color=&#8221;custom&#8221; background_style=&#8221;rounded-less-outline&#8221; size=&#8221;xs&#8221; align=&#8221;center&#8221; custom_color=&#8221;#c7b39a&#8221;][\/vc_column_inner][vc_column_inner width=&#8221;1\/2&#8243;]<div class=\"text-block \" ><div class=\"simple-text \"><p><strong>Andando<\/strong> son 25 minutos.<br \/>\nEn <strong>Bus<\/strong> (L\u00ednea 21 o L\u00ednea C4) hasta parada Men\u00e9ndez Pelayo-Puerta de la Carne por 1,40\u20ac\/persona y luego 5 minutos a pie. En total 20 minutos.<br \/>\nEn Taxi por unos 10\u20ac. M\u00e1ximo 4 personas. En total 15 minutos.<\/p>\n<\/div><\/div>[\/vc_column_inner][vc_column_inner width=&#8221;1\/3&#8243;]<div class=\"text-center\"><a  class=\"btn btn--md btn--normal\" href=\"https:\/\/maps.app.goo.gl\/NR6k6CKiph2cW1K56\" title=\"button\" target=\"_blank\">Enlace ubicaci\u00f3n<\/a><\/div>[\/vc_column_inner][\/vc_row_inner]<\/div><\/div><\/div><\/div>[\/vc_column][vc_column width=&#8221;1\/6&#8243;][\/vc_column][\/vc_row][vc_row][vc_column]<div  class=\"empty-space  marg-lg-b120 marg-xs-b50\"><\/div>[\/vc_column][\/vc_row]<\/p>\n<\/div>","protected":false},"excerpt":{"rendered":"<p>[vc_row full_width=&#8221;stretch_row_content_no_spaces&#8221;][vc_column][layerslider_vc id=&#8221;3&#8243;][\/vc_column][\/vc_row][vc_row][vc_column][\/vc_column][\/vc_row][vc_row full_width=&#8221;stretch_row_content_no_spaces&#8221;][vc_column][\/vc_column][\/vc_row][vc_row][vc_column width=&#8221;1\/6&#8243;][\/vc_column][vc_column width=&#8221;2\/3&#8243;][\/vc_column][vc_column width=&#8221;1\/6&#8243;][\/vc_column][\/vc_row][vc_row][vc_column][\/vc_column][\/vc_row]<\/p>\n","protected":false},"author":1,"featured_media":0,"parent":0,"menu_order":0,"comment_status":"closed","ping_status":"closed","template":"","meta":{"footnotes":""},"class_list":["post-1826","page","type-page","status-publish","hentry"],"yoast_head":"<!-- This site is optimized with the Yoast SEO plugin v25.3 - https:\/\/yoast.com\/wordpress\/plugins\/seo\/ -->\n<title>Ubicaci\u00f3n - Suite Machado<\/title>\n<meta name=\"robots\" content=\"index, follow, max-snippet:-1, max-image-preview:large, max-video-preview:-1\" \/>\n<link rel=\"canonical\" href=\"https:\/\/www.suitesmachado.com\/es\/ubicacion\/\" \/>\n<meta property=\"og:locale\" content=\"es_ES\" \/>\n<meta property=\"og:type\" content=\"article\" \/>\n<meta property=\"og:title\" content=\"Ubicaci\u00f3n - Suite Machado\" \/>\n<meta property=\"og:description\" content=\"[vc_row full_width=&#8221;stretch_row_content_no_spaces&#8221;][vc_column][layerslider_vc id=&#8221;3&#8243;][\/vc_column][\/vc_row][vc_row][vc_column][\/vc_column][\/vc_row][vc_row full_width=&#8221;stretch_row_content_no_spaces&#8221;][vc_column][\/vc_column][\/vc_row][vc_row][vc_column width=&#8221;1\/6&#8243;][\/vc_column][vc_column width=&#8221;2\/3&#8243;][\/vc_column][vc_column width=&#8221;1\/6&#8243;][\/vc_column][\/vc_row][vc_row][vc_column][\/vc_column][\/vc_row]\" \/>\n<meta property=\"og:url\" content=\"https:\/\/www.suitesmachado.com\/es\/ubicacion\/\" \/>\n<meta property=\"og:site_name\" content=\"Suite Machado\" \/>\n<meta property=\"article:modified_time\" content=\"2025-07-29T00:53:22+00:00\" \/>\n<meta name=\"twitter:card\" content=\"summary_large_image\" \/>\n<meta name=\"twitter:label1\" content=\"Tiempo de lectura\" \/>\n\t<meta name=\"twitter:data1\" content=\"2 minutos\" \/>\n<script type=\"application\/ld+json\" class=\"yoast-schema-graph\">{\"@context\":\"https:\/\/schema.org\",\"@graph\":[{\"@type\":\"WebPage\",\"@id\":\"https:\/\/www.suitesmachado.com\/es\/ubicacion\/\",\"url\":\"https:\/\/www.suitesmachado.com\/es\/ubicacion\/\",\"name\":\"Ubicaci\u00f3n - Suite Machado\",\"isPartOf\":{\"@id\":\"https:\/\/www.suitesmachado.com\/#website\"},\"datePublished\":\"2018-11-06T15:51:02+00:00\",\"dateModified\":\"2025-07-29T00:53:22+00:00\",\"breadcrumb\":{\"@id\":\"https:\/\/www.suitesmachado.com\/es\/ubicacion\/#breadcrumb\"},\"inLanguage\":\"es\",\"potentialAction\":[{\"@type\":\"ReadAction\",\"target\":[\"https:\/\/www.suitesmachado.com\/es\/ubicacion\/\"]}]},{\"@type\":\"BreadcrumbList\",\"@id\":\"https:\/\/www.suitesmachado.com\/es\/ubicacion\/#breadcrumb\",\"itemListElement\":[{\"@type\":\"ListItem\",\"position\":1,\"name\":\"Home\",\"item\":\"https:\/\/www.suitesmachado.com\/es\/\"},{\"@type\":\"ListItem\",\"position\":2,\"name\":\"Ubicaci\u00f3n\"}]},{\"@type\":\"WebSite\",\"@id\":\"https:\/\/www.suitesmachado.com\/#website\",\"url\":\"https:\/\/www.suitesmachado.com\/\",\"name\":\"Suite Machado\",\"description\":\"Suite Machado\",\"potentialAction\":[{\"@type\":\"SearchAction\",\"target\":{\"@type\":\"EntryPoint\",\"urlTemplate\":\"https:\/\/www.suitesmachado.com\/?s={search_term_string}\"},\"query-input\":{\"@type\":\"PropertyValueSpecification\",\"valueRequired\":true,\"valueName\":\"search_term_string\"}}],\"inLanguage\":\"es\"}]}<\/script>\n<!-- \/ Yoast SEO plugin. -->","yoast_head_json":{"title":"Ubicaci\u00f3n - Suite Machado","robots":{"index":"index","follow":"follow","max-snippet":"max-snippet:-1","max-image-preview":"max-image-preview:large","max-video-preview":"max-video-preview:-1"},"canonical":"https:\/\/www.suitesmachado.com\/es\/ubicacion\/","og_locale":"es_ES","og_type":"article","og_title":"Ubicaci\u00f3n - Suite Machado","og_description":"[vc_row full_width=&#8221;stretch_row_content_no_spaces&#8221;][vc_column][layerslider_vc id=&#8221;3&#8243;][\/vc_column][\/vc_row][vc_row][vc_column][\/vc_column][\/vc_row][vc_row full_width=&#8221;stretch_row_content_no_spaces&#8221;][vc_column][\/vc_column][\/vc_row][vc_row][vc_column width=&#8221;1\/6&#8243;][\/vc_column][vc_column width=&#8221;2\/3&#8243;][\/vc_column][vc_column width=&#8221;1\/6&#8243;][\/vc_column][\/vc_row][vc_row][vc_column][\/vc_column][\/vc_row]","og_url":"https:\/\/www.suitesmachado.com\/es\/ubicacion\/","og_site_name":"Suite Machado","article_modified_time":"2025-07-29T00:53:22+00:00","twitter_card":"summary_large_image","twitter_misc":{"Tiempo de lectura":"2 minutos"},"schema":{"@context":"https:\/\/schema.org","@graph":[{"@type":"WebPage","@id":"https:\/\/www.suitesmachado.com\/es\/ubicacion\/","url":"https:\/\/www.suitesmachado.com\/es\/ubicacion\/","name":"Ubicaci\u00f3n - Suite Machado","isPartOf":{"@id":"https:\/\/www.suitesmachado.com\/#website"},"datePublished":"2018-11-06T15:51:02+00:00","dateModified":"2025-07-29T00:53:22+00:00","breadcrumb":{"@id":"https:\/\/www.suitesmachado.com\/es\/ubicacion\/#breadcrumb"},"inLanguage":"es","potentialAction":[{"@type":"ReadAction","target":["https:\/\/www.suitesmachado.com\/es\/ubicacion\/"]}]},{"@type":"BreadcrumbList","@id":"https:\/\/www.suitesmachado.com\/es\/ubicacion\/#breadcrumb","itemListElement":[{"@type":"ListItem","position":1,"name":"Home","item":"https:\/\/www.suitesmachado.com\/es\/"},{"@type":"ListItem","position":2,"name":"Ubicaci\u00f3n"}]},{"@type":"WebSite","@id":"https:\/\/www.suitesmachado.com\/#website","url":"https:\/\/www.suitesmachado.com\/","name":"Suite Machado","description":"Suite Machado","potentialAction":[{"@type":"SearchAction","target":{"@type":"EntryPoint","urlTemplate":"https:\/\/www.suitesmachado.com\/?s={search_term_string}"},"query-input":{"@type":"PropertyValueSpecification","valueRequired":true,"valueName":"search_term_string"}}],"inLanguage":"es"}]}},"_links":{"self":[{"href":"https:\/\/www.suitesmachado.com\/es\/wp-json\/wp\/v2\/pages\/1826","targetHints":{"allow":["GET"]}}],"collection":[{"href":"https:\/\/www.suitesmachado.com\/es\/wp-json\/wp\/v2\/pages"}],"about":[{"href":"https:\/\/www.suitesmachado.com\/es\/wp-json\/wp\/v2\/types\/page"}],"author":[{"embeddable":true,"href":"https:\/\/www.suitesmachado.com\/es\/wp-json\/wp\/v2\/users\/1"}],"replies":[{"embeddable":true,"href":"https:\/\/www.suitesmachado.com\/es\/wp-json\/wp\/v2\/comments?post=1826"}],"version-history":[{"count":1,"href":"https:\/\/www.suitesmachado.com\/es\/wp-json\/wp\/v2\/pages\/1826\/revisions"}],"predecessor-version":[{"id":3626,"href":"https:\/\/www.suitesmachado.com\/es\/wp-json\/wp\/v2\/pages\/1826\/revisions\/3626"}],"wp:attachment":[{"href":"https:\/\/www.suitesmachado.com\/es\/wp-json\/wp\/v2\/media?parent=1826"}],"curies":[{"name":"wp","href":"https:\/\/api.w.org\/{rel}","templated":true}]}}