{"id":1962,"date":"2018-11-08T12:55:10","date_gmt":"2018-11-08T12:55:10","guid":{"rendered":"https:\/\/www.suitesmachado.com\/?page_id=1962"},"modified":"2018-12-12T11:02:36","modified_gmt":"2018-12-12T11:02:36","slug":"aviso-legal","status":"publish","type":"page","link":"https:\/\/www.suitesmachado.com\/es\/aviso-legal\/","title":{"rendered":"Aviso Legal"},"content":{"rendered":"<h3>Informaci\u00f3n sobre el titular del sitio web<\/h3>\n<p>En cumplimiento de lo previsto en el art\u00edculo 10 de la Ley 34\/2002 de 11 de julio, de Servicios de la Sociedad de La Informaci\u00f3n y Comercio Electr\u00f3nico (LSSICE), se informa al Usuario sobre los datos identificativos del titular del presente sitio web:<\/p>\n<ul>\n<li>Titular: Pablo Barriga Le Bel<\/li>\n<li>Datos fiscales: DNI: 45656022-X<\/li>\n<li>Email de contacto:\u00a0<a href=\"mailto:info@suitesmachado.com\">info@suitesmachado.com<\/a><\/li>\n<li>Tel\u00e9fono: +(34) 696 67 34 96<\/li>\n<\/ul>\n<h3>Condiciones generales de uso del sitio web<\/h3>\n<p>El presente Aviso Legal regula el uso permitido de este sitio web, cuyo responsable legal es Pablo Barriga Le Bel, en adelante Suites Machado. El acceso al sitio web implica la aceptaci\u00f3n sin reservas del presente Aviso Legal, por lo que se recomienda la lectura detenida de su contenido. El Usuario se compromete a usar la web, sus servicios y contenidos de forma diligente, correcta y l\u00edcita y, en particular, se compromete a abstenerse de suprimir, eludir o manipular el copyright y dem\u00e1s contenidos, as\u00ed como los dispositivos t\u00e9cnicos que se hayan implementado para su protecci\u00f3n.<\/p>\n<h3>Propiedad intelectual e industrial<\/h3>\n<div class=\"custom_collapse_plus__item\">\n<div id=\"tres\" class=\"custom_collapse_plus__body collapse in\" role=\"tabpanel\" aria-expanded=\"true\">\n<div class=\"custom_collapse_plus__content\">\n<p>Los textos, im\u00e1genes, logos, signos distintivos, sonidos, animaciones, v\u00eddeos, c\u00f3digo fuente y resto de contenidos incluidos en el presente sitio web son titularidad de Suites Machado, o dispone en su caso, del derecho de uso y explotaci\u00f3n de los mismos, y en tal sentido se erigen como obras protegidas por la legislaci\u00f3n de propiedad intelectual e industrial vigentes.<\/p>\n<p>Cualquier transmisi\u00f3n, distribuci\u00f3n, reproducci\u00f3n o almacenamiento, total o parcial, de los contenidos almacenados en esta web, queda expresamente prohibido salvo previo y expreso consentimiento del titular. No obstante, los Usuarios podr\u00e1n llevar a cabo la reproducci\u00f3n o almacenamiento de los contenidos de la web para su exclusivo uso personal, quedando expresa y terminantemente prohibida la reproducci\u00f3n de elementos o contenidos de esta web, realizados con \u00e1nimo de lucro o fines comerciales.<\/p>\n<\/div>\n<\/div>\n<\/div>\n<h3>Enlaces<\/h3>\n<p>Suites Machado declina cualquier responsabilidad por los servicios y\/o informaci\u00f3n que se preste en otras p\u00e1ginas enlazadas con el presente sitio web. En el caso de v\u00ednculos a sitios de terceros, el Usuario pasar\u00e1 a estar regido por los T\u00e9rminos de Uso y Pol\u00edtica de Privacidad del nuevo sitio web. No obstante, en el caso que tuviera conocimiento efectivo sobre la ilicitud de contenidos incluidos en dichos v\u00ednculos a sitios web de terceros, Suites Machado eliminar\u00e1 de forma inmediata los enlaces y comunicar\u00e1 esta circunstancia a las autoridades competentes.<\/p>\n<h3>Exclusi\u00f3n de responsabilidad<\/h3>\n<div class=\"custom_collapse_plus__item\">\n<div id=\"cinco\" class=\"custom_collapse_plus__body collapse in\" role=\"tabpanel\" aria-expanded=\"true\">\n<div class=\"custom_collapse_plus__content\">\n<p>Suites Machado no se hace responsable de las p\u00e9rdidas o perjuicios que pueda ocasionar al Usuario una eventual ca\u00edda del servicio por causas ajenas a Suites Machado, as\u00ed como tampoco ser\u00e1 responsable de problemas surgidos por la falta de interactividad en estas situaciones.<\/p>\n<p>Suites Machado se exonera de toda responsabilidad derivada de:<\/p>\n<ul>\n<li>Las interrupciones en el funcionamiento normal del sitio web derivadas de causas de fuerza mayor, as\u00ed como causas no imputables a Suites Machado y que provoquen que el servicio web no se encuentre operativo total o parcialmente.<\/li>\n<li>El uso de datos incorrectos o falsos por parte de los Usuarios, incluy\u00e9ndose los errores que estos hayan podido cometer a la hora de comunicar o reservar con Suites Machado y los derivados de la no actualizaci\u00f3n de los datos por parte del Usuario.<\/li>\n<\/ul>\n<\/div>\n<\/div>\n<\/div>\n<h3>Privacidad<\/h3>\n<p>El Usuario puede visitar este sitio web sin necesidad de facilitar ning\u00fan dato de car\u00e1cter personal; no obstante existen diversas opciones de registro, consultas o formularios de pedido donde se recaban y tratan datos de car\u00e1cter personal. El Usuario puede consultar la informaci\u00f3n sobre c\u00f3mo Suites Machado trata sus datos de car\u00e1cter personal, accediendo a nuestra\u00a0 <a href=\"\/politica-de-privacidad\/\">Pol\u00edtica de Privacidad<\/a>.<\/p>\n<h3>Uso de Cookies<\/h3>\n<div class=\"custom_collapse_plus__item\">\n<div id=\"uno\" class=\"custom_collapse_plus__body collapse in\" role=\"tabpanel\">\n<div class=\"custom_collapse_plus__content\">\n<p>Las cookies son archivos de texto que contienen peque\u00f1as cantidades de informaci\u00f3n que se descargan en el ordenador o dispositivo m\u00f3vil cuando un Usuario visita un sitio web. Las cookies se env\u00edan de vuelta al sitio web original en cada visita posterior, o a otro sitio web que las reconoce. Las cookies son \u00fatiles porque permiten a un sitio web reconocer el dispositivo del usuario. Las cookies pueden realizar diferentes funciones como permitir navegar entre las p\u00e1ginas de manera eficiente, recordando sus preferencias, y en general mejorar la navegaci\u00f3n del Usuario.<\/p>\n<p>El presente sitio web usa cookies de terceros con finalidades anal\u00edticas. En concreto, usamos cookies correspondientes a Google Analytics\u00a0desarrollada por Google Inc., que permite obtener informaci\u00f3n de las visitas recibidas en el sitio web con el objeto de poder realizar evaluaciones, c\u00e1lculos estad\u00edsticos sobre datos totalmente an\u00f3nimos, con el objeto de garantizar la continuidad del servicio, optimizar el contenido y el rendimiento de nuestra web. El Usuario puede consultar la pol\u00edtica de cookies de Google Analytics pulsando\u00a0 <a href=\"https:\/\/policies.google.com\/privacy?hl=es\" target=\"_blank\" rel=\"nofollow noopener\">aqu\u00ed<\/a><\/p>\n<\/div>\n<p>Para obtener m\u00e1s informaci\u00f3n sobre el uso de cookies puedes acceder al siguiente enlace de la Agencia Espa\u00f1ola de Protecci\u00f3n de Datos:\u00a0<a href=\"https:\/\/www.agpd.es\/portalwebAGPD\/canaldocumentacion\/publicaciones\/common\/Guias\/Guia_Cookies.pdf\" target=\"_blank\" rel=\"noopener\">Gu\u00eda sobre el uso de las cookies elaborada por la Agencia Espa\u00f1ola de Protecci\u00f3n de Datos<\/a>.<\/p>\n<h3>Seguridad<\/h3>\n<\/div>\n<\/div>\n<p>Suites Machado utiliza tecnolog\u00edas adecuadas al estado de la t\u00e9cnica actual, para proteger datos e informaciones personales, as\u00ed nuestra p\u00e1gina web se almacena en servidores seguros protegidos contra los tipos de ataques m\u00e1s habituales. No obstante, debemos recordar que no existe la tecnolog\u00eda invulnerable y que por tanto el Usuario debe poner los medios que est\u00e9n a su alcance para mantener el nivel de seguridad de sus datos.<\/p>\n<h3>Modificaci\u00f3n del aviso legal<\/h3>\n<p>Suites Machado se reserva el derecho de modificar el presente Aviso Legal de acuerdo con su criterio, o a causa de un cambio legislativo, jurisprudencial o en la pr\u00e1ctica empresarial. Si Suites Machado introduce alguna modificaci\u00f3n, el nuevo texto ser\u00e1 publicado en esta misma p\u00e1gina, donde el Usuario podr\u00e1 tener conocimiento de las modificaciones. En cualquier caso, la relaci\u00f3n con los Usuarios se regir\u00e1 por las normas previstas en el momento preciso en el que se acceda al sitio web.<\/p>\n<h3>D\u00f3nde enviamos tus datos<\/h3>\n<p>Para la resoluci\u00f3n de todas las controversias o cuestiones relacionadas con el presente sitio web o de las actividades en \u00e9l desarrolladas, ser\u00e1 de aplicaci\u00f3n la legislaci\u00f3n espa\u00f1ola, a la que se someten expresamente las partes, siendo competentes para la resoluci\u00f3n de todos los conflictos derivados o relacionados con su uso los Juzgados y Tribunales de la ciudad de Sevilla, salvo que el Usuario tenga la condici\u00f3n de consumidor, en cuyo caso las partes se someten a los juzgados y tribunales del domicilio del consumidor.<\/p>\n","protected":false},"excerpt":{"rendered":"<p>Informaci\u00f3n sobre el titular del sitio web En cumplimiento de lo previsto en el art\u00edculo 10 de la Ley 34\/2002 de 11 de julio, de Servicios de la Sociedad de La Informaci\u00f3n y Comercio Electr\u00f3nico (LSSICE), se informa al Usuario sobre los datos identificativos del titular del presente sitio web: Titular: Pablo Barriga Le Bel [&hellip;]<\/p>\n","protected":false},"author":1,"featured_media":0,"parent":0,"menu_order":0,"comment_status":"closed","ping_status":"closed","template":"","meta":{"footnotes":""},"class_list":["post-1962","page","type-page","status-publish","hentry"],"yoast_head":"<!-- This site is optimized with the Yoast SEO plugin v25.3 - https:\/\/yoast.com\/wordpress\/plugins\/seo\/ -->\n<title>Aviso Legal - Suite Machado<\/title>\n<meta name=\"robots\" content=\"index, follow, max-snippet:-1, max-image-preview:large, max-video-preview:-1\" \/>\n<link rel=\"canonical\" href=\"https:\/\/www.suitesmachado.com\/legal-aspects\/\" \/>\n<meta property=\"og:locale\" content=\"es_ES\" \/>\n<meta property=\"og:type\" content=\"article\" \/>\n<meta property=\"og:title\" content=\"Aviso Legal - Suite Machado\" \/>\n<meta property=\"og:description\" content=\"Informaci\u00f3n sobre el titular del sitio web En cumplimiento de lo previsto en el art\u00edculo 10 de la Ley 34\/2002 de 11 de julio, de Servicios de la Sociedad de La Informaci\u00f3n y Comercio Electr\u00f3nico (LSSICE), se informa al Usuario sobre los datos identificativos del titular del presente sitio web: Titular: Pablo Barriga Le Bel [&hellip;]\" \/>\n<meta property=\"og:url\" content=\"https:\/\/www.suitesmachado.com\/legal-aspects\/\" \/>\n<meta property=\"og:site_name\" content=\"Suite Machado\" \/>\n<meta property=\"article:modified_time\" content=\"2018-12-12T11:02:36+00:00\" \/>\n<meta name=\"twitter:card\" content=\"summary_large_image\" \/>\n<meta name=\"twitter:label1\" content=\"Tiempo de lectura\" \/>\n\t<meta name=\"twitter:data1\" content=\"6 minutos\" \/>\n<script type=\"application\/ld+json\" class=\"yoast-schema-graph\">{\"@context\":\"https:\/\/schema.org\",\"@graph\":[{\"@type\":\"WebPage\",\"@id\":\"https:\/\/www.suitesmachado.com\/legal-aspects\/\",\"url\":\"https:\/\/www.suitesmachado.com\/legal-aspects\/\",\"name\":\"Aviso Legal - Suite Machado\",\"isPartOf\":{\"@id\":\"https:\/\/www.suitesmachado.com\/#website\"},\"datePublished\":\"2018-11-08T12:55:10+00:00\",\"dateModified\":\"2018-12-12T11:02:36+00:00\",\"breadcrumb\":{\"@id\":\"https:\/\/www.suitesmachado.com\/legal-aspects\/#breadcrumb\"},\"inLanguage\":\"es\",\"potentialAction\":[{\"@type\":\"ReadAction\",\"target\":[\"https:\/\/www.suitesmachado.com\/legal-aspects\/\"]}]},{\"@type\":\"BreadcrumbList\",\"@id\":\"https:\/\/www.suitesmachado.com\/legal-aspects\/#breadcrumb\",\"itemListElement\":[{\"@type\":\"ListItem\",\"position\":1,\"name\":\"Home\",\"item\":\"https:\/\/www.suitesmachado.com\/es\/\"},{\"@type\":\"ListItem\",\"position\":2,\"name\":\"Aviso Legal\"}]},{\"@type\":\"WebSite\",\"@id\":\"https:\/\/www.suitesmachado.com\/#website\",\"url\":\"https:\/\/www.suitesmachado.com\/\",\"name\":\"Suite Machado\",\"description\":\"Suite Machado\",\"potentialAction\":[{\"@type\":\"SearchAction\",\"target\":{\"@type\":\"EntryPoint\",\"urlTemplate\":\"https:\/\/www.suitesmachado.com\/?s={search_term_string}\"},\"query-input\":{\"@type\":\"PropertyValueSpecification\",\"valueRequired\":true,\"valueName\":\"search_term_string\"}}],\"inLanguage\":\"es\"}]}<\/script>\n<!-- \/ Yoast SEO plugin. -->","yoast_head_json":{"title":"Aviso Legal - Suite Machado","robots":{"index":"index","follow":"follow","max-snippet":"max-snippet:-1","max-image-preview":"max-image-preview:large","max-video-preview":"max-video-preview:-1"},"canonical":"https:\/\/www.suitesmachado.com\/legal-aspects\/","og_locale":"es_ES","og_type":"article","og_title":"Aviso Legal - Suite Machado","og_description":"Informaci\u00f3n sobre el titular del sitio web En cumplimiento de lo previsto en el art\u00edculo 10 de la Ley 34\/2002 de 11 de julio, de Servicios de la Sociedad de La Informaci\u00f3n y Comercio Electr\u00f3nico (LSSICE), se informa al Usuario sobre los datos identificativos del titular del presente sitio web: Titular: Pablo Barriga Le Bel [&hellip;]","og_url":"https:\/\/www.suitesmachado.com\/legal-aspects\/","og_site_name":"Suite Machado","article_modified_time":"2018-12-12T11:02:36+00:00","twitter_card":"summary_large_image","twitter_misc":{"Tiempo de lectura":"6 minutos"},"schema":{"@context":"https:\/\/schema.org","@graph":[{"@type":"WebPage","@id":"https:\/\/www.suitesmachado.com\/legal-aspects\/","url":"https:\/\/www.suitesmachado.com\/legal-aspects\/","name":"Aviso Legal - Suite Machado","isPartOf":{"@id":"https:\/\/www.suitesmachado.com\/#website"},"datePublished":"2018-11-08T12:55:10+00:00","dateModified":"2018-12-12T11:02:36+00:00","breadcrumb":{"@id":"https:\/\/www.suitesmachado.com\/legal-aspects\/#breadcrumb"},"inLanguage":"es","potentialAction":[{"@type":"ReadAction","target":["https:\/\/www.suitesmachado.com\/legal-aspects\/"]}]},{"@type":"BreadcrumbList","@id":"https:\/\/www.suitesmachado.com\/legal-aspects\/#breadcrumb","itemListElement":[{"@type":"ListItem","position":1,"name":"Home","item":"https:\/\/www.suitesmachado.com\/es\/"},{"@type":"ListItem","position":2,"name":"Aviso Legal"}]},{"@type":"WebSite","@id":"https:\/\/www.suitesmachado.com\/#website","url":"https:\/\/www.suitesmachado.com\/","name":"Suite Machado","description":"Suite Machado","potentialAction":[{"@type":"SearchAction","target":{"@type":"EntryPoint","urlTemplate":"https:\/\/www.suitesmachado.com\/?s={search_term_string}"},"query-input":{"@type":"PropertyValueSpecification","valueRequired":true,"valueName":"search_term_string"}}],"inLanguage":"es"}]}},"_links":{"self":[{"href":"https:\/\/www.suitesmachado.com\/es\/wp-json\/wp\/v2\/pages\/1962","targetHints":{"allow":["GET"]}}],"collection":[{"href":"https:\/\/www.suitesmachado.com\/es\/wp-json\/wp\/v2\/pages"}],"about":[{"href":"https:\/\/www.suitesmachado.com\/es\/wp-json\/wp\/v2\/types\/page"}],"author":[{"embeddable":true,"href":"https:\/\/www.suitesmachado.com\/es\/wp-json\/wp\/v2\/users\/1"}],"replies":[{"embeddable":true,"href":"https:\/\/www.suitesmachado.com\/es\/wp-json\/wp\/v2\/comments?post=1962"}],"version-history":[{"count":0,"href":"https:\/\/www.suitesmachado.com\/es\/wp-json\/wp\/v2\/pages\/1962\/revisions"}],"wp:attachment":[{"href":"https:\/\/www.suitesmachado.com\/es\/wp-json\/wp\/v2\/media?parent=1962"}],"curies":[{"name":"wp","href":"https:\/\/api.w.org\/{rel}","templated":true}]}}