{"id":3071,"date":"2018-12-28T14:40:49","date_gmt":"2018-12-28T14:40:49","guid":{"rendered":"https:\/\/www.suitesmachado.com\/?page_id=3071"},"modified":"2019-01-09T12:00:40","modified_gmt":"2019-01-09T12:00:40","slug":"casa-palacio","status":"publish","type":"page","link":"https:\/\/www.suitesmachado.com\/fr\/casa-palacio\/","title":{"rendered":"Casa palacio"},"content":{"rendered":"<div class=\"wpb-content-wrapper\"><p>[vc_row full_width=&#8221;stretch_row_content_no_spaces&#8221;][vc_column][layerslider_vc id=&#8221;4&#8243;][\/vc_column][\/vc_row][vc_row full_width=&#8221;stretch_row_content_no_spaces&#8221;][vc_column]<div  class=\"empty-space  marg-lg-b65 marg-xs-b50\"><\/div>[\/vc_column][\/vc_row][vc_row][vc_column width=&#8221;1\/6&#8243;][\/vc_column][vc_column width=&#8221;2\/3&#8243;]<div  class=\"text-block__signature\"><div class=\"subtitle subtitle--left subtitle--sm\">Suites Machado<\/div><div class=\"title title--left title-color-black title--sm\"><h2>Une Maison seigneuriale du XVIIe avec le confort du XXIe<\/h2><\/div><div class=\"spacing\" style=\"height: 4px\"><\/div><div class=\"text\"><p>Lorsque l\u2019on p\u00e9n\u00e8tre dans le \u00ab\u00a0zagu\u00e1n\u00a0\u00bb ou vestibule ouvrant sur un patio par une magnifique porte en fer forg\u00e9, on a l\u2019impression que le temps s\u2019est arr\u00eat\u00e9 sur la beaut\u00e9 de sa v\u00e9g\u00e9tation, le murmure de sa fontaine de marbre, les tons bleus et verts des azulejos qui recouvrent ses murs et ceux de l\u2019escalier principal, les baies vitr\u00e9es qui le surplombent, ses immenses et anciennes portes \u00e0 panneaux en acajou qui se font face.<strong><em>\u00a0<\/em><\/strong><\/p>\n<p><em>Suites Machado<\/em> est le fruit d\u2019un travail consciencieux de restauration qui a \u00e9t\u00e9 r\u00e9alis\u00e9 dans un but bien pr\u00e9cis\u00a0: doter cette maison seigneuriale du XVIIe si\u00e8cle de tout le confort en respectant en m\u00eame temps son essence propre de paix et d\u2019\u00e9l\u00e9gance dans ses six suites exclusives.<\/p>\n<p>Chacune de ses portes, fen\u00eatres, c\u00e9ramiques, dalles de carrelage a \u00e9t\u00e9 pr\u00e9serv\u00e9e et restaur\u00e9e avec soin, d\u00e9mont\u00e9e, nettoy\u00e9e ou teint\u00e9e pour qu\u2019elle retrouve sa splendeur pass\u00e9e. Tout le mobilier a \u00e9t\u00e9 conserv\u00e9, r\u00e9utilis\u00e9 afin que les \u00e9l\u00e9ments neufs in\u00e9vitablement incorpor\u00e9s n\u2019alt\u00e8rent pas l\u2019\u00e9quilibre esth\u00e9tique d\u00e9licat des diff\u00e9rents espaces.<\/p>\n<p>D\u2019autre part, la volont\u00e9 de r\u00e9duire au maximum l\u2019impact environnemental des travaux de r\u00e9forme a constitu\u00e9 un enjeu suppl\u00e9mentaire et ce respect de l\u2019environnement pr\u00e9tend constituer la marque de la maison\u00a0: conscients de la valeur et de la qualit\u00e9 de l\u2019ancien et de l\u2019impact \u00e9cologique que suppose l\u2019acquisition de nouveaux mat\u00e9riaux, nous avons fait une place \u00e0 chacun de ses \u00e9l\u00e9ments, aussi discret soit-il\u00a0: poign\u00e9e changeant de porte, porte changeant de fonction ou de direction, fen\u00eatre changeant de mur, meuble changeant d\u2019emplacement \u2026<\/p>\n<p>La d\u00e9coration a donc \u00e9t\u00e9 le fruit d\u2019un effort de conservation patrimoniale et environnementale, tout en cherchant \u00e0 maintenir le charme et la beaut\u00e9 de ses espaces v\u00e9cus.<\/p><\/div><div class=\"spacing\" style=\"height: 15px\"><\/div><\/div>[vc_gallery type=&#8221;flexslider_slide&#8221; interval=&#8221;5&#8243; images=&#8221;2733,2736,2739,2745,2748,2751,2754&#8243; img_size=&#8221;770&#215;384&#8243; onclick=&#8221;&#8221; css=&#8221;.vc_custom_1544016183152{padding-right: 90px !important;}&#8221;]<div  class=\"empty-space  marg-lg-b20 marg-xs-b50\"><\/div>[\/vc_column][vc_column width=&#8221;1\/6&#8243;][\/vc_column][\/vc_row][vc_row full_width=&#8221;stretch_row_content_no_spaces&#8221;][vc_column]<div  class=\"empty-space  marg-lg-b50\"><\/div><div  class=\"jumbotron jumbotron--lg\"  data-image=\"https:\/\/www.suitesmachado.com\/wp-content\/uploads\/2018\/11\/casa-palacio-1-suites-m.jpg\"><div class=\"row\"><div class=\"col-md-12 jumbotron-text__content\"><div class=\"spacing\" style=\"height: 30px\"><\/div><div class=\"subtitle subtitle--lg\"><\/div><div class=\"title title--lg\"><\/div><\/div><\/div><\/div><div  class=\"empty-space  marg-lg-b50\"><\/div>[\/vc_column][\/vc_row][vc_row][vc_column width=&#8221;1\/6&#8243;][\/vc_column][vc_column width=&#8221;2\/3&#8243;]<div  class=\"text-block__signature\"><div class=\"subtitle subtitle--left subtitle--sm\"><\/div><div class=\"title title--left title-color-black title--sm\"><h2>Terrasse mirador solarium panoramique<\/h2><\/div><div class=\"spacing\" style=\"height: 4px\"><\/div><div class=\"text\"><p>On y acc\u00e8de en ascenseur pour prendre un bain de soleil et surtout pour profiter d\u2019une vue magnifique sur la tour de la cath\u00e9drale de S\u00e9ville, la Giralda, les \u00e9difices traditionnelles du quartier de Santa Cruz &#8211; campaniles et d\u00f4mes des \u00e9glises des alentours et tourelles des maisons s\u00e9villanes les plus nobles et anciennes.<\/p><\/div><div class=\"spacing\" style=\"height: 15px\"><\/div><\/div><img decoding=\"async\"  class=\"img-responsive  \" src=\"https:\/\/www.suitesmachado.com\/wp-content\/uploads\/2018\/12\/cas-palacio-1.jpg\" alt=\"\"><div  class=\"empty-space  marg-lg-b120 marg-xs-b50\"><\/div>[\/vc_column][vc_column width=&#8221;1\/6&#8243;][\/vc_column][\/vc_row][vc_row full_width=&#8221;stretch_row_content_no_spaces&#8221;][vc_column][vc_gallery type=&#8221;image_grid&#8221; images=&#8221;2436,2439,2442,2445,2448,2451&#8243; img_size=&#8221;full&#8221; onclick=&#8221;custom_link&#8221; css_animation=&#8221;fadeIn&#8221; el_id=&#8221;galeria_base1&#8243;][\/vc_column][\/vc_row]<\/p>\n<\/div>","protected":false},"excerpt":{"rendered":"<p>[vc_row full_width=&#8221;stretch_row_content_no_spaces&#8221;][vc_column][layerslider_vc id=&#8221;4&#8243;][\/vc_column][\/vc_row][vc_row full_width=&#8221;stretch_row_content_no_spaces&#8221;][vc_column][\/vc_column][\/vc_row][vc_row][vc_column width=&#8221;1\/6&#8243;][\/vc_column][vc_column width=&#8221;2\/3&#8243;][vc_gallery type=&#8221;flexslider_slide&#8221; interval=&#8221;5&#8243; images=&#8221;2733,2736,2739,2745,2748,2751,2754&#8243; img_size=&#8221;770&#215;384&#8243; onclick=&#8221;&#8221; css=&#8221;.vc_custom_1544016183152{padding-right: 90px !important;}&#8221;][\/vc_column][vc_column width=&#8221;1\/6&#8243;][\/vc_column][\/vc_row][vc_row full_width=&#8221;stretch_row_content_no_spaces&#8221;][vc_column][\/vc_column][\/vc_row][vc_row][vc_column width=&#8221;1\/6&#8243;][\/vc_column][vc_column width=&#8221;2\/3&#8243;][\/vc_column][vc_column width=&#8221;1\/6&#8243;][\/vc_column][\/vc_row][vc_row full_width=&#8221;stretch_row_content_no_spaces&#8221;][vc_column][vc_gallery type=&#8221;image_grid&#8221; images=&#8221;2436,2439,2442,2445,2448,2451&#8243; img_size=&#8221;full&#8221; onclick=&#8221;custom_link&#8221; css_animation=&#8221;fadeIn&#8221; el_id=&#8221;galeria_base1&#8243;][\/vc_column][\/vc_row]<\/p>\n","protected":false},"author":1,"featured_media":0,"parent":0,"menu_order":0,"comment_status":"closed","ping_status":"closed","template":"","meta":{"footnotes":""},"class_list":["post-3071","page","type-page","status-publish","hentry"],"yoast_head":"<!-- This site is optimized with the Yoast SEO plugin v25.3 - https:\/\/yoast.com\/wordpress\/plugins\/seo\/ -->\n<title>Casa palacio - Suite Machado<\/title>\n<meta name=\"robots\" content=\"index, follow, max-snippet:-1, max-image-preview:large, max-video-preview:-1\" \/>\n<link rel=\"canonical\" href=\"https:\/\/www.suitesmachado.com\/palace-home\/\" \/>\n<meta property=\"og:locale\" content=\"fr_FR\" \/>\n<meta property=\"og:type\" content=\"article\" \/>\n<meta property=\"og:title\" content=\"Casa palacio - Suite Machado\" \/>\n<meta property=\"og:description\" content=\"[vc_row full_width=&#8221;stretch_row_content_no_spaces&#8221;][vc_column][layerslider_vc id=&#8221;4&#8243;][\/vc_column][\/vc_row][vc_row full_width=&#8221;stretch_row_content_no_spaces&#8221;][vc_column][\/vc_column][\/vc_row][vc_row][vc_column width=&#8221;1\/6&#8243;][\/vc_column][vc_column width=&#8221;2\/3&#8243;][vc_gallery type=&#8221;flexslider_slide&#8221; interval=&#8221;5&#8243; images=&#8221;2733,2736,2739,2745,2748,2751,2754&#8243; img_size=&#8221;770&#215;384&#8243; onclick=&#8221;&#8221; css=&#8221;.vc_custom_1544016183152{padding-right: 90px !important;}&#8221;][\/vc_column][vc_column width=&#8221;1\/6&#8243;][\/vc_column][\/vc_row][vc_row full_width=&#8221;stretch_row_content_no_spaces&#8221;][vc_column][\/vc_column][\/vc_row][vc_row][vc_column width=&#8221;1\/6&#8243;][\/vc_column][vc_column width=&#8221;2\/3&#8243;][\/vc_column][vc_column width=&#8221;1\/6&#8243;][\/vc_column][\/vc_row][vc_row full_width=&#8221;stretch_row_content_no_spaces&#8221;][vc_column][vc_gallery type=&#8221;image_grid&#8221; images=&#8221;2436,2439,2442,2445,2448,2451&#8243; img_size=&#8221;full&#8221; onclick=&#8221;custom_link&#8221; css_animation=&#8221;fadeIn&#8221; el_id=&#8221;galeria_base1&#8243;][\/vc_column][\/vc_row]\" \/>\n<meta property=\"og:url\" content=\"https:\/\/www.suitesmachado.com\/palace-home\/\" \/>\n<meta property=\"og:site_name\" content=\"Suite Machado\" \/>\n<meta property=\"article:modified_time\" content=\"2019-01-09T12:00:40+00:00\" \/>\n<meta name=\"twitter:card\" content=\"summary_large_image\" \/>\n<meta name=\"twitter:label1\" content=\"Dur\u00e9e de lecture estim\u00e9e\" \/>\n\t<meta name=\"twitter:data1\" content=\"3 minutes\" \/>\n<script type=\"application\/ld+json\" class=\"yoast-schema-graph\">{\"@context\":\"https:\/\/schema.org\",\"@graph\":[{\"@type\":\"WebPage\",\"@id\":\"https:\/\/www.suitesmachado.com\/palace-home\/\",\"url\":\"https:\/\/www.suitesmachado.com\/palace-home\/\",\"name\":\"Casa palacio - Suite Machado\",\"isPartOf\":{\"@id\":\"https:\/\/www.suitesmachado.com\/#website\"},\"datePublished\":\"2018-12-28T14:40:49+00:00\",\"dateModified\":\"2019-01-09T12:00:40+00:00\",\"breadcrumb\":{\"@id\":\"https:\/\/www.suitesmachado.com\/palace-home\/#breadcrumb\"},\"inLanguage\":\"fr-FR\",\"potentialAction\":[{\"@type\":\"ReadAction\",\"target\":[\"https:\/\/www.suitesmachado.com\/palace-home\/\"]}]},{\"@type\":\"BreadcrumbList\",\"@id\":\"https:\/\/www.suitesmachado.com\/palace-home\/#breadcrumb\",\"itemListElement\":[{\"@type\":\"ListItem\",\"position\":1,\"name\":\"Home\",\"item\":\"https:\/\/www.suitesmachado.com\/fr\/\"},{\"@type\":\"ListItem\",\"position\":2,\"name\":\"Casa palacio\"}]},{\"@type\":\"WebSite\",\"@id\":\"https:\/\/www.suitesmachado.com\/#website\",\"url\":\"https:\/\/www.suitesmachado.com\/\",\"name\":\"Suite Machado\",\"description\":\"Suite Machado\",\"potentialAction\":[{\"@type\":\"SearchAction\",\"target\":{\"@type\":\"EntryPoint\",\"urlTemplate\":\"https:\/\/www.suitesmachado.com\/?s={search_term_string}\"},\"query-input\":{\"@type\":\"PropertyValueSpecification\",\"valueRequired\":true,\"valueName\":\"search_term_string\"}}],\"inLanguage\":\"fr-FR\"}]}<\/script>\n<!-- \/ Yoast SEO plugin. -->","yoast_head_json":{"title":"Casa palacio - Suite Machado","robots":{"index":"index","follow":"follow","max-snippet":"max-snippet:-1","max-image-preview":"max-image-preview:large","max-video-preview":"max-video-preview:-1"},"canonical":"https:\/\/www.suitesmachado.com\/palace-home\/","og_locale":"fr_FR","og_type":"article","og_title":"Casa palacio - Suite Machado","og_description":"[vc_row full_width=&#8221;stretch_row_content_no_spaces&#8221;][vc_column][layerslider_vc id=&#8221;4&#8243;][\/vc_column][\/vc_row][vc_row full_width=&#8221;stretch_row_content_no_spaces&#8221;][vc_column][\/vc_column][\/vc_row][vc_row][vc_column width=&#8221;1\/6&#8243;][\/vc_column][vc_column width=&#8221;2\/3&#8243;][vc_gallery type=&#8221;flexslider_slide&#8221; interval=&#8221;5&#8243; images=&#8221;2733,2736,2739,2745,2748,2751,2754&#8243; img_size=&#8221;770&#215;384&#8243; onclick=&#8221;&#8221; css=&#8221;.vc_custom_1544016183152{padding-right: 90px !important;}&#8221;][\/vc_column][vc_column width=&#8221;1\/6&#8243;][\/vc_column][\/vc_row][vc_row full_width=&#8221;stretch_row_content_no_spaces&#8221;][vc_column][\/vc_column][\/vc_row][vc_row][vc_column width=&#8221;1\/6&#8243;][\/vc_column][vc_column width=&#8221;2\/3&#8243;][\/vc_column][vc_column width=&#8221;1\/6&#8243;][\/vc_column][\/vc_row][vc_row full_width=&#8221;stretch_row_content_no_spaces&#8221;][vc_column][vc_gallery type=&#8221;image_grid&#8221; images=&#8221;2436,2439,2442,2445,2448,2451&#8243; img_size=&#8221;full&#8221; onclick=&#8221;custom_link&#8221; css_animation=&#8221;fadeIn&#8221; el_id=&#8221;galeria_base1&#8243;][\/vc_column][\/vc_row]","og_url":"https:\/\/www.suitesmachado.com\/palace-home\/","og_site_name":"Suite Machado","article_modified_time":"2019-01-09T12:00:40+00:00","twitter_card":"summary_large_image","twitter_misc":{"Dur\u00e9e de lecture estim\u00e9e":"3 minutes"},"schema":{"@context":"https:\/\/schema.org","@graph":[{"@type":"WebPage","@id":"https:\/\/www.suitesmachado.com\/palace-home\/","url":"https:\/\/www.suitesmachado.com\/palace-home\/","name":"Casa palacio - Suite Machado","isPartOf":{"@id":"https:\/\/www.suitesmachado.com\/#website"},"datePublished":"2018-12-28T14:40:49+00:00","dateModified":"2019-01-09T12:00:40+00:00","breadcrumb":{"@id":"https:\/\/www.suitesmachado.com\/palace-home\/#breadcrumb"},"inLanguage":"fr-FR","potentialAction":[{"@type":"ReadAction","target":["https:\/\/www.suitesmachado.com\/palace-home\/"]}]},{"@type":"BreadcrumbList","@id":"https:\/\/www.suitesmachado.com\/palace-home\/#breadcrumb","itemListElement":[{"@type":"ListItem","position":1,"name":"Home","item":"https:\/\/www.suitesmachado.com\/fr\/"},{"@type":"ListItem","position":2,"name":"Casa palacio"}]},{"@type":"WebSite","@id":"https:\/\/www.suitesmachado.com\/#website","url":"https:\/\/www.suitesmachado.com\/","name":"Suite Machado","description":"Suite Machado","potentialAction":[{"@type":"SearchAction","target":{"@type":"EntryPoint","urlTemplate":"https:\/\/www.suitesmachado.com\/?s={search_term_string}"},"query-input":{"@type":"PropertyValueSpecification","valueRequired":true,"valueName":"search_term_string"}}],"inLanguage":"fr-FR"}]}},"_links":{"self":[{"href":"https:\/\/www.suitesmachado.com\/fr\/wp-json\/wp\/v2\/pages\/3071","targetHints":{"allow":["GET"]}}],"collection":[{"href":"https:\/\/www.suitesmachado.com\/fr\/wp-json\/wp\/v2\/pages"}],"about":[{"href":"https:\/\/www.suitesmachado.com\/fr\/wp-json\/wp\/v2\/types\/page"}],"author":[{"embeddable":true,"href":"https:\/\/www.suitesmachado.com\/fr\/wp-json\/wp\/v2\/users\/1"}],"replies":[{"embeddable":true,"href":"https:\/\/www.suitesmachado.com\/fr\/wp-json\/wp\/v2\/comments?post=3071"}],"version-history":[{"count":0,"href":"https:\/\/www.suitesmachado.com\/fr\/wp-json\/wp\/v2\/pages\/3071\/revisions"}],"wp:attachment":[{"href":"https:\/\/www.suitesmachado.com\/fr\/wp-json\/wp\/v2\/media?parent=3071"}],"curies":[{"name":"wp","href":"https:\/\/api.w.org\/{rel}","templated":true}]}}