{"id":3248,"date":"2018-12-29T19:39:22","date_gmt":"2018-12-29T19:39:22","guid":{"rendered":"https:\/\/www.suitesmachado.com\/?page_id=3248"},"modified":"2018-12-30T09:50:22","modified_gmt":"2018-12-30T09:50:22","slug":"termes-dusage","status":"publish","type":"page","link":"https:\/\/www.suitesmachado.com\/fr\/termes-dusage\/","title":{"rendered":"Termes d\u2019usage"},"content":{"rendered":"<h3><u>Informations g\u00e9n\u00e9rales concernant la page web<\/u><\/h3>\n<p>Cette page web a \u00e9t\u00e9 con\u00e7ue pour informer l\u2019usager et lui donner la possibilit\u00e9\u00a0 de r\u00e9server son h\u00e9bergement \u00e0 <em>Suites Machado<\/em>. Les informations qu\u2019elle contient pourraient diff\u00e9rer de la r\u00e9alit\u00e9 ou \u00eatre modifi\u00e9es par d\u00e9cision de la direction de <em>Suites Machado<\/em> ou par toute situation conjoncturelle impr\u00e9vue. Dans ce cas, <em>Suites Machado <\/em>fera en sorte de pr\u00e9venir ses futurs clients le plus rapidement possible.<\/p>\n<p>&nbsp;<\/p>\n<h3><u>Informations g\u00e9n\u00e9rales concernant <em>Suites Machado<\/em><\/u><\/h3>\n<p>Veuillez nous faire savoir \u00e0 l\u2019avance l\u2019heure approximative de votre arriv\u00e9e.<\/p>\n<p>Le jour pr\u00e9vu de l\u2019arriv\u00e9e, l\u2019acc\u00e8s \u00e0 l\u2019\u00e9tablissement est autoris\u00e9 de 9h00 \u00e0 20h30 et les bagages pourront \u00eatre d\u00e9pos\u00e9s sous contr\u00f4le \u00e0 la r\u00e9ception. Toutefois, la Suite pourra n\u2019\u00eatre disponible qu\u2019\u00e0 partir de 17h00. Apr\u00e8s 20h30, un syst\u00e8me d\u2019auto check in est possible mais il est n\u00e9cessaire d\u2019en demander l\u2019autorisation \u00e0 l\u2019avance et de se pr\u00e9senter le lendemain matin \u00e0 la r\u00e9ception entre 9h00 et 11h00.<\/p>\n<p>Le jour du d\u00e9part, le r\u00e8glement de la <em>Suite<\/em> devra s\u2019effectuer avant 11h00. Les bagages pourront \u00eatre d\u00e9pos\u00e9s sous contr\u00f4le \u00e0 la r\u00e9ception jusqu\u2019\u00e0 20h30.<\/p>\n<p>&nbsp;<\/p>\n<h3><u>Politique de paiement<\/u><\/h3>\n<p>Pour les r\u00e9servations remboursables\u00a0: Pour garantir la totale effectivit\u00e9 de la r\u00e9servation, le versement d\u2019arrhes de 50% de son montant est requis, les 50% restant devant \u00eatre r\u00e9gl\u00e9s \u00e0 l\u2019arriv\u00e9e dans l\u2019\u00e9tablissement.<\/p>\n<p>Pour les r\u00e9servations NON remboursables\u00a0: Le versement d\u2019arrhes de 100% du montant\u00a0 est requis pour garantir la totale effectivit\u00e9 de la r\u00e9servation.<\/p>\n<p>&nbsp;<\/p>\n<h3><u>Politique d\u2019annulation<\/u><\/h3>\n<p>Pour les r\u00e9servations remboursables\u00a0: Si la r\u00e9servation est annul\u00e9e<\/p>\n<p>Si l\u2019annulation de la r\u00e9servation est r\u00e9alis\u00e9e dans un d\u00e9lai \u00e9gal ou inf\u00e9rieur \u00e0 2 jours avant la date d\u2019arriv\u00e9e, une charge de 70% du montant total de la r\u00e9servation sera effectu\u00e9e.<\/p>\n<p>Pour les r\u00e9servations NON remboursables et\/ou en cas de non pr\u00e9sentation \u2013sans avis pr\u00e9alable-, le montant total de la r\u00e9servation sera d\u00e9bit\u00e9.<\/p>\n","protected":false},"excerpt":{"rendered":"<p>Informations g\u00e9n\u00e9rales concernant la page web Cette page web a \u00e9t\u00e9 con\u00e7ue pour informer l\u2019usager et lui donner la possibilit\u00e9\u00a0 de r\u00e9server son h\u00e9bergement \u00e0 Suites Machado. Les informations qu\u2019elle contient pourraient diff\u00e9rer de la r\u00e9alit\u00e9 ou \u00eatre modifi\u00e9es par d\u00e9cision de la direction de Suites Machado ou par toute situation conjoncturelle impr\u00e9vue. Dans ce [&hellip;]<\/p>\n","protected":false},"author":1,"featured_media":0,"parent":0,"menu_order":0,"comment_status":"closed","ping_status":"closed","template":"","meta":{"footnotes":""},"class_list":["post-3248","page","type-page","status-publish","hentry"],"yoast_head":"<!-- This site is optimized with the Yoast SEO plugin v25.3 - https:\/\/yoast.com\/wordpress\/plugins\/seo\/ -->\n<title>Termes d\u2019usage - Suite Machado<\/title>\n<meta name=\"robots\" content=\"index, follow, max-snippet:-1, max-image-preview:large, max-video-preview:-1\" \/>\n<link rel=\"canonical\" href=\"https:\/\/www.suitesmachado.com\/terms-of-use\/\" \/>\n<meta property=\"og:locale\" content=\"fr_FR\" \/>\n<meta property=\"og:type\" content=\"article\" \/>\n<meta property=\"og:title\" content=\"Termes d\u2019usage - Suite Machado\" \/>\n<meta property=\"og:description\" content=\"Informations g\u00e9n\u00e9rales concernant la page web Cette page web a \u00e9t\u00e9 con\u00e7ue pour informer l\u2019usager et lui donner la possibilit\u00e9\u00a0 de r\u00e9server son h\u00e9bergement \u00e0 Suites Machado. Les informations qu\u2019elle contient pourraient diff\u00e9rer de la r\u00e9alit\u00e9 ou \u00eatre modifi\u00e9es par d\u00e9cision de la direction de Suites Machado ou par toute situation conjoncturelle impr\u00e9vue. Dans ce [&hellip;]\" \/>\n<meta property=\"og:url\" content=\"https:\/\/www.suitesmachado.com\/terms-of-use\/\" \/>\n<meta property=\"og:site_name\" content=\"Suite Machado\" \/>\n<meta property=\"article:modified_time\" content=\"2018-12-30T09:50:22+00:00\" \/>\n<meta name=\"twitter:card\" content=\"summary_large_image\" \/>\n<meta name=\"twitter:label1\" content=\"Dur\u00e9e de lecture estim\u00e9e\" \/>\n\t<meta name=\"twitter:data1\" content=\"2 minutes\" \/>\n<script type=\"application\/ld+json\" class=\"yoast-schema-graph\">{\"@context\":\"https:\/\/schema.org\",\"@graph\":[{\"@type\":\"WebPage\",\"@id\":\"https:\/\/www.suitesmachado.com\/terms-of-use\/\",\"url\":\"https:\/\/www.suitesmachado.com\/terms-of-use\/\",\"name\":\"Termes d\u2019usage - Suite Machado\",\"isPartOf\":{\"@id\":\"https:\/\/www.suitesmachado.com\/#website\"},\"datePublished\":\"2018-12-29T19:39:22+00:00\",\"dateModified\":\"2018-12-30T09:50:22+00:00\",\"breadcrumb\":{\"@id\":\"https:\/\/www.suitesmachado.com\/terms-of-use\/#breadcrumb\"},\"inLanguage\":\"fr-FR\",\"potentialAction\":[{\"@type\":\"ReadAction\",\"target\":[\"https:\/\/www.suitesmachado.com\/terms-of-use\/\"]}]},{\"@type\":\"BreadcrumbList\",\"@id\":\"https:\/\/www.suitesmachado.com\/terms-of-use\/#breadcrumb\",\"itemListElement\":[{\"@type\":\"ListItem\",\"position\":1,\"name\":\"Home\",\"item\":\"https:\/\/www.suitesmachado.com\/fr\/\"},{\"@type\":\"ListItem\",\"position\":2,\"name\":\"Termes d\u2019usage\"}]},{\"@type\":\"WebSite\",\"@id\":\"https:\/\/www.suitesmachado.com\/#website\",\"url\":\"https:\/\/www.suitesmachado.com\/\",\"name\":\"Suite Machado\",\"description\":\"Suite Machado\",\"potentialAction\":[{\"@type\":\"SearchAction\",\"target\":{\"@type\":\"EntryPoint\",\"urlTemplate\":\"https:\/\/www.suitesmachado.com\/?s={search_term_string}\"},\"query-input\":{\"@type\":\"PropertyValueSpecification\",\"valueRequired\":true,\"valueName\":\"search_term_string\"}}],\"inLanguage\":\"fr-FR\"}]}<\/script>\n<!-- \/ Yoast SEO plugin. -->","yoast_head_json":{"title":"Termes d\u2019usage - Suite Machado","robots":{"index":"index","follow":"follow","max-snippet":"max-snippet:-1","max-image-preview":"max-image-preview:large","max-video-preview":"max-video-preview:-1"},"canonical":"https:\/\/www.suitesmachado.com\/terms-of-use\/","og_locale":"fr_FR","og_type":"article","og_title":"Termes d\u2019usage - Suite Machado","og_description":"Informations g\u00e9n\u00e9rales concernant la page web Cette page web a \u00e9t\u00e9 con\u00e7ue pour informer l\u2019usager et lui donner la possibilit\u00e9\u00a0 de r\u00e9server son h\u00e9bergement \u00e0 Suites Machado. Les informations qu\u2019elle contient pourraient diff\u00e9rer de la r\u00e9alit\u00e9 ou \u00eatre modifi\u00e9es par d\u00e9cision de la direction de Suites Machado ou par toute situation conjoncturelle impr\u00e9vue. Dans ce [&hellip;]","og_url":"https:\/\/www.suitesmachado.com\/terms-of-use\/","og_site_name":"Suite Machado","article_modified_time":"2018-12-30T09:50:22+00:00","twitter_card":"summary_large_image","twitter_misc":{"Dur\u00e9e de lecture estim\u00e9e":"2 minutes"},"schema":{"@context":"https:\/\/schema.org","@graph":[{"@type":"WebPage","@id":"https:\/\/www.suitesmachado.com\/terms-of-use\/","url":"https:\/\/www.suitesmachado.com\/terms-of-use\/","name":"Termes d\u2019usage - Suite Machado","isPartOf":{"@id":"https:\/\/www.suitesmachado.com\/#website"},"datePublished":"2018-12-29T19:39:22+00:00","dateModified":"2018-12-30T09:50:22+00:00","breadcrumb":{"@id":"https:\/\/www.suitesmachado.com\/terms-of-use\/#breadcrumb"},"inLanguage":"fr-FR","potentialAction":[{"@type":"ReadAction","target":["https:\/\/www.suitesmachado.com\/terms-of-use\/"]}]},{"@type":"BreadcrumbList","@id":"https:\/\/www.suitesmachado.com\/terms-of-use\/#breadcrumb","itemListElement":[{"@type":"ListItem","position":1,"name":"Home","item":"https:\/\/www.suitesmachado.com\/fr\/"},{"@type":"ListItem","position":2,"name":"Termes d\u2019usage"}]},{"@type":"WebSite","@id":"https:\/\/www.suitesmachado.com\/#website","url":"https:\/\/www.suitesmachado.com\/","name":"Suite Machado","description":"Suite Machado","potentialAction":[{"@type":"SearchAction","target":{"@type":"EntryPoint","urlTemplate":"https:\/\/www.suitesmachado.com\/?s={search_term_string}"},"query-input":{"@type":"PropertyValueSpecification","valueRequired":true,"valueName":"search_term_string"}}],"inLanguage":"fr-FR"}]}},"_links":{"self":[{"href":"https:\/\/www.suitesmachado.com\/fr\/wp-json\/wp\/v2\/pages\/3248","targetHints":{"allow":["GET"]}}],"collection":[{"href":"https:\/\/www.suitesmachado.com\/fr\/wp-json\/wp\/v2\/pages"}],"about":[{"href":"https:\/\/www.suitesmachado.com\/fr\/wp-json\/wp\/v2\/types\/page"}],"author":[{"embeddable":true,"href":"https:\/\/www.suitesmachado.com\/fr\/wp-json\/wp\/v2\/users\/1"}],"replies":[{"embeddable":true,"href":"https:\/\/www.suitesmachado.com\/fr\/wp-json\/wp\/v2\/comments?post=3248"}],"version-history":[{"count":0,"href":"https:\/\/www.suitesmachado.com\/fr\/wp-json\/wp\/v2\/pages\/3248\/revisions"}],"wp:attachment":[{"href":"https:\/\/www.suitesmachado.com\/fr\/wp-json\/wp\/v2\/media?parent=3248"}],"curies":[{"name":"wp","href":"https:\/\/api.w.org\/{rel}","templated":true}]}}