{"id":3249,"date":"2018-11-29T11:54:41","date_gmt":"2018-11-29T11:54:41","guid":{"rendered":"https:\/\/www.suitesmachado.com\/terminos-de-uso\/"},"modified":"2018-11-29T11:54:41","modified_gmt":"2018-11-29T11:54:41","slug":"terminos-de-uso","status":"publish","type":"page","link":"https:\/\/www.suitesmachado.com\/fr\/terminos-de-uso\/","title":{"rendered":"T\u00e9rminos de uso"},"content":{"rendered":"<h3>Informaci\u00f3n general de la web<\/h3>\n<p>Esta web ha sido dise\u00f1ada para informar y dar al usuario la posibilidad de reservar su hospedaje en Suites Machado. La informaci\u00f3n aparecida podr\u00eda diferir de la realidad y\/o verse modificada por decisi\u00f3n de la direcci\u00f3n de Suites Machado o por alguna situaci\u00f3n coyuntural no prevista. En este caso, Suites Machado procurar\u00e1 avisar a sus futuros hu\u00e9spedes con la mayor celeridad posible.<\/p>\n<h3>Informaci\u00f3n general Suites Machado<\/h3>\n<p>Por favor, h\u00e1ganos saber con antelaci\u00f3n su hora estimada de llegada.<\/p>\n<p>Las entradas en el establecimiento est\u00e1n autorizadas en el d\u00eda previsto de llegada desde las 09.00 horas hasta las 20.30 horas. El d\u00eda de su llegada se le permitir\u00e1 dejar su equipaje bajo custodia en recepci\u00f3n, pero la suite podr\u00eda no estar disponible hasta las 17.00 horas. Despu\u00e9s de las 20.30h es posible hacer auto check in, pero debe solicitarse con antelaci\u00f3n. En este caso, a la ma\u00f1ana siguiente deber\u00e1 pasar por la recepci\u00f3n entre las 09.00 y las 11.00 horas.<\/p>\n<p>El d\u00eda de su salida deber\u00e1 abandonar la suite a las 11.00 horas como m\u00e1ximo, pudiendo dejar su equipaje bajo custodia en recepci\u00f3n hasta las 20h30.<\/p>\n<h3>Pol\u00edticas de pago<\/h3>\n<div class=\"custom_collapse_plus__item\">\n<div id=\"tres\" class=\"custom_collapse_plus__body collapse in\" role=\"tabpanel\" aria-expanded=\"true\">\n<div class=\"custom_collapse_plus__content\">\n<p>Para reservas reembolsables: se requiere un dep\u00f3sito de importe igual al 50% de la reserva para la plena y efectiva conformidad de la misma. El otro 50% se abonar\u00e1 a la llegada al establecimiento.<\/p>\n<p>Para reservas No reembolsables, el 100% del pago de la reserva es requerido para la plena y efectiva conformidad de la misma.<\/p>\n<\/div>\n<\/div>\n<\/div>\n<h3>Pol\u00edticas de cancelaci\u00f3n<\/h3>\n<p>Para reservas reembolsables: se requiere un dep\u00f3sito de importe igual al 50% de la reserva para la plena y efectiva conformidad de la misma. El otro 50% se abonar\u00e1 a la llegada al establecimiento.<\/p>\n<p>Para reservas No reembolsables, el 100% del pago de la reserva es requerido para la plena y efectiva conformidad de la misma.<\/p>\n<h3>Exclusi\u00f3n de responsabilidad<\/h3>\n<div class=\"custom_collapse_plus__item\">\n<div id=\"cinco\" class=\"custom_collapse_plus__body collapse in\" role=\"tabpanel\" aria-expanded=\"true\">\n<div class=\"custom_collapse_plus__content\">\n<p>Suites Machado no se hace responsable de las p\u00e9rdidas o perjuicios que pueda ocasionar al Usuario una eventual ca\u00edda del servicio por causas ajenas a Suites Machado, as\u00ed como tampoco ser\u00e1 responsable de problemas surgidos por la falta de interactividad en estas situaciones.<\/p>\n<p>Suites Machado se exonera de toda responsabilidad derivada de:<\/p>\n<ul>\n<li>Las interrupciones en el funcionamiento normal del sitio web derivadas de causas de fuerza mayor, as\u00ed como causas no imputables a Suites Machado y que provoquen que el servicio web no se encuentre operativo total o parcialmente.<\/li>\n<li>El uso de datos incorrectos o falsos por parte de los Usuarios, incluy\u00e9ndose los errores que estos hayan podido cometer a la hora de comunicar o reservar con Suites Machado y los derivados de la no actualizaci\u00f3n de los datos por parte del Usuario.<\/li>\n<\/ul>\n<\/div>\n<\/div>\n<\/div>\n<h3>Privacidad<\/h3>\n<p>El Usuario puede visitar este sitio web sin necesidad de facilitar ning\u00fan dato de car\u00e1cter personal; no obstante existen diversas opciones de registro, consultas o formularios de pedido donde se recaban y tratan datos de car\u00e1cter personal. El Usuario puede consultar la informaci\u00f3n sobre c\u00f3mo Suites Machado trata sus datos de car\u00e1cter personal, accediendo a nuestra\u00a0 <a href=\"https:\/\/www.suitesmachado.com\/fr\/politica-de-privacidad\/\">Pol\u00edtica de Privacidad<\/a>.<\/p>\n<h3>Uso de Cookies<\/h3>\n<div class=\"custom_collapse_plus__item\">\n<div id=\"uno\" class=\"custom_collapse_plus__body collapse in\" role=\"tabpanel\">\n<div class=\"custom_collapse_plus__content\">\n<p>Las cookies son archivos de texto que contienen peque\u00f1as cantidades de informaci\u00f3n que se descargan en el ordenador o dispositivo m\u00f3vil cuando un Usuario visita un sitio web. Las cookies se env\u00edan de vuelta al sitio web original en cada visita posterior, o a otro sitio web que las reconoce. Las cookies son \u00fatiles porque permiten a un sitio web reconocer el dispositivo del usuario. Las cookies pueden realizar diferentes funciones como permitir navegar entre las p\u00e1ginas de manera eficiente, recordando sus preferencias, y en general mejorar la navegaci\u00f3n del Usuario.<\/p>\n<p>El presente sitio web usa cookies de terceros con finalidades anal\u00edticas. En concreto, usamos cookies correspondientes a Google Analytics\u00a0desarrollada por Google Inc., que permite obtener informaci\u00f3n de las visitas recibidas en el sitio web con el objeto de poder realizar evaluaciones, c\u00e1lculos estad\u00edsticos sobre datos totalmente an\u00f3nimos, con el objeto de garantizar la continuidad del servicio, optimizar el contenido y el rendimiento de nuestra web. El Usuario puede consultar la pol\u00edtica de cookies de Google Analytics pulsando\u00a0 <a href=\"https:\/\/policies.google.com\/privacy?hl=es\" target=\"_blank\" rel=\"nofollow noopener\">aqu\u00ed<\/a><\/p>\n<\/div>\n<p>Para obtener m\u00e1s informaci\u00f3n sobre el uso de cookies puedes acceder al siguiente enlace de la Agencia Espa\u00f1ola de Protecci\u00f3n de Datos:\u00a0<a href=\"https:\/\/www.agpd.es\/portalwebAGPD\/canaldocumentacion\/publicaciones\/common\/Guias\/Guia_Cookies.pdf\" target=\"_blank\" rel=\"noopener\">Gu\u00eda sobre el uso de las cookies elaborada por la Agencia Espa\u00f1ola de Protecci\u00f3n de Datos<\/a>.<\/p>\n<h3>Seguridad<\/h3>\n<\/div>\n<\/div>\n<p>Suites Machado utiliza tecnolog\u00edas adecuadas al estado de la t\u00e9cnica actual, para proteger datos e informaciones personales, as\u00ed nuestra p\u00e1gina web se almacena en servidores seguros protegidos contra los tipos de ataques m\u00e1s habituales. No obstante, debemos recordar que no existe la tecnolog\u00eda invulnerable y que por tanto el Usuario debe poner los medios que est\u00e9n a su alcance para mantener el nivel de seguridad de sus datos.<\/p>\n<h3>Modificaci\u00f3n del aviso legal<\/h3>\n<p>Suites Machado se reserva el derecho de modificar el presente Aviso Legal de acuerdo con su criterio, o a causa de un cambio legislativo, jurisprudencial o en la pr\u00e1ctica empresarial. Si Suites Machado introduce alguna modificaci\u00f3n, el nuevo texto ser\u00e1 publicado en esta misma p\u00e1gina, donde el Usuario podr\u00e1 tener conocimiento de las modificaciones. En cualquier caso, la relaci\u00f3n con los Usuarios se regir\u00e1 por las normas previstas en el momento preciso en el que se acceda al sitio web.<\/p>\n<h3>D\u00f3nde enviamos tus datos<\/h3>\n<p>Para la resoluci\u00f3n de todas las controversias o cuestiones relacionadas con el presente sitio web o de las actividades en \u00e9l desarrolladas, ser\u00e1 de aplicaci\u00f3n la legislaci\u00f3n espa\u00f1ola, a la que se someten expresamente las partes, siendo competentes para la resoluci\u00f3n de todos los conflictos derivados o relacionados con su uso los Juzgados y Tribunales de la ciudad de Sevilla, salvo que el Usuario tenga la condici\u00f3n de consumidor, en cuyo caso las partes se someten a los juzgados y tribunales del domicilio del consumidor.<\/p>\n","protected":false},"excerpt":{"rendered":"<p>Informaci\u00f3n general de la web Esta web ha sido dise\u00f1ada para informar y dar al usuario la posibilidad de reservar su hospedaje en Suites Machado. La informaci\u00f3n aparecida podr\u00eda diferir de la realidad y\/o verse modificada por decisi\u00f3n de la direcci\u00f3n de Suites Machado o por alguna situaci\u00f3n coyuntural no prevista. En este caso, Suites [&hellip;]<\/p>\n","protected":false},"author":1,"featured_media":0,"parent":0,"menu_order":0,"comment_status":"closed","ping_status":"closed","template":"","meta":{"footnotes":""},"class_list":["post-3249","page","type-page","status-publish","hentry"],"yoast_head":"<!-- This site is optimized with the Yoast SEO plugin v25.3 - https:\/\/yoast.com\/wordpress\/plugins\/seo\/ -->\n<title>T\u00e9rminos de uso - Suite Machado<\/title>\n<meta name=\"robots\" content=\"index, follow, max-snippet:-1, max-image-preview:large, max-video-preview:-1\" \/>\n<link rel=\"canonical\" href=\"https:\/\/www.suitesmachado.com\/terminos-de-uso\/\" \/>\n<meta property=\"og:locale\" content=\"fr_FR\" \/>\n<meta property=\"og:type\" content=\"article\" \/>\n<meta property=\"og:title\" content=\"T\u00e9rminos de uso - Suite Machado\" \/>\n<meta property=\"og:description\" content=\"Informaci\u00f3n general de la web Esta web ha sido dise\u00f1ada para informar y dar al usuario la posibilidad de reservar su hospedaje en Suites Machado. La informaci\u00f3n aparecida podr\u00eda diferir de la realidad y\/o verse modificada por decisi\u00f3n de la direcci\u00f3n de Suites Machado o por alguna situaci\u00f3n coyuntural no prevista. En este caso, Suites [&hellip;]\" \/>\n<meta property=\"og:url\" content=\"https:\/\/www.suitesmachado.com\/terminos-de-uso\/\" \/>\n<meta property=\"og:site_name\" content=\"Suite Machado\" \/>\n<meta name=\"twitter:card\" content=\"summary_large_image\" \/>\n<meta name=\"twitter:label1\" content=\"Dur\u00e9e de lecture estim\u00e9e\" \/>\n\t<meta name=\"twitter:data1\" content=\"5 minutes\" \/>\n<script type=\"application\/ld+json\" class=\"yoast-schema-graph\">{\"@context\":\"https:\/\/schema.org\",\"@graph\":[{\"@type\":\"WebPage\",\"@id\":\"https:\/\/www.suitesmachado.com\/terminos-de-uso\/\",\"url\":\"https:\/\/www.suitesmachado.com\/terminos-de-uso\/\",\"name\":\"T\u00e9rminos de uso - Suite Machado\",\"isPartOf\":{\"@id\":\"https:\/\/www.suitesmachado.com\/#website\"},\"datePublished\":\"2018-11-29T11:54:41+00:00\",\"breadcrumb\":{\"@id\":\"https:\/\/www.suitesmachado.com\/terminos-de-uso\/#breadcrumb\"},\"inLanguage\":\"fr-FR\",\"potentialAction\":[{\"@type\":\"ReadAction\",\"target\":[\"https:\/\/www.suitesmachado.com\/terminos-de-uso\/\"]}]},{\"@type\":\"BreadcrumbList\",\"@id\":\"https:\/\/www.suitesmachado.com\/terminos-de-uso\/#breadcrumb\",\"itemListElement\":[{\"@type\":\"ListItem\",\"position\":1,\"name\":\"Home\",\"item\":\"https:\/\/www.suitesmachado.com\/fr\/\"},{\"@type\":\"ListItem\",\"position\":2,\"name\":\"T\u00e9rminos de uso\"}]},{\"@type\":\"WebSite\",\"@id\":\"https:\/\/www.suitesmachado.com\/#website\",\"url\":\"https:\/\/www.suitesmachado.com\/\",\"name\":\"Suite Machado\",\"description\":\"Suite Machado\",\"potentialAction\":[{\"@type\":\"SearchAction\",\"target\":{\"@type\":\"EntryPoint\",\"urlTemplate\":\"https:\/\/www.suitesmachado.com\/?s={search_term_string}\"},\"query-input\":{\"@type\":\"PropertyValueSpecification\",\"valueRequired\":true,\"valueName\":\"search_term_string\"}}],\"inLanguage\":\"fr-FR\"}]}<\/script>\n<!-- \/ Yoast SEO plugin. -->","yoast_head_json":{"title":"T\u00e9rminos de uso - Suite Machado","robots":{"index":"index","follow":"follow","max-snippet":"max-snippet:-1","max-image-preview":"max-image-preview:large","max-video-preview":"max-video-preview:-1"},"canonical":"https:\/\/www.suitesmachado.com\/terminos-de-uso\/","og_locale":"fr_FR","og_type":"article","og_title":"T\u00e9rminos de uso - Suite Machado","og_description":"Informaci\u00f3n general de la web Esta web ha sido dise\u00f1ada para informar y dar al usuario la posibilidad de reservar su hospedaje en Suites Machado. La informaci\u00f3n aparecida podr\u00eda diferir de la realidad y\/o verse modificada por decisi\u00f3n de la direcci\u00f3n de Suites Machado o por alguna situaci\u00f3n coyuntural no prevista. En este caso, Suites [&hellip;]","og_url":"https:\/\/www.suitesmachado.com\/terminos-de-uso\/","og_site_name":"Suite Machado","twitter_card":"summary_large_image","twitter_misc":{"Dur\u00e9e de lecture estim\u00e9e":"5 minutes"},"schema":{"@context":"https:\/\/schema.org","@graph":[{"@type":"WebPage","@id":"https:\/\/www.suitesmachado.com\/terminos-de-uso\/","url":"https:\/\/www.suitesmachado.com\/terminos-de-uso\/","name":"T\u00e9rminos de uso - Suite Machado","isPartOf":{"@id":"https:\/\/www.suitesmachado.com\/#website"},"datePublished":"2018-11-29T11:54:41+00:00","breadcrumb":{"@id":"https:\/\/www.suitesmachado.com\/terminos-de-uso\/#breadcrumb"},"inLanguage":"fr-FR","potentialAction":[{"@type":"ReadAction","target":["https:\/\/www.suitesmachado.com\/terminos-de-uso\/"]}]},{"@type":"BreadcrumbList","@id":"https:\/\/www.suitesmachado.com\/terminos-de-uso\/#breadcrumb","itemListElement":[{"@type":"ListItem","position":1,"name":"Home","item":"https:\/\/www.suitesmachado.com\/fr\/"},{"@type":"ListItem","position":2,"name":"T\u00e9rminos de uso"}]},{"@type":"WebSite","@id":"https:\/\/www.suitesmachado.com\/#website","url":"https:\/\/www.suitesmachado.com\/","name":"Suite Machado","description":"Suite Machado","potentialAction":[{"@type":"SearchAction","target":{"@type":"EntryPoint","urlTemplate":"https:\/\/www.suitesmachado.com\/?s={search_term_string}"},"query-input":{"@type":"PropertyValueSpecification","valueRequired":true,"valueName":"search_term_string"}}],"inLanguage":"fr-FR"}]}},"_links":{"self":[{"href":"https:\/\/www.suitesmachado.com\/fr\/wp-json\/wp\/v2\/pages\/3249","targetHints":{"allow":["GET"]}}],"collection":[{"href":"https:\/\/www.suitesmachado.com\/fr\/wp-json\/wp\/v2\/pages"}],"about":[{"href":"https:\/\/www.suitesmachado.com\/fr\/wp-json\/wp\/v2\/types\/page"}],"author":[{"embeddable":true,"href":"https:\/\/www.suitesmachado.com\/fr\/wp-json\/wp\/v2\/users\/1"}],"replies":[{"embeddable":true,"href":"https:\/\/www.suitesmachado.com\/fr\/wp-json\/wp\/v2\/comments?post=3249"}],"version-history":[{"count":0,"href":"https:\/\/www.suitesmachado.com\/fr\/wp-json\/wp\/v2\/pages\/3249\/revisions"}],"wp:attachment":[{"href":"https:\/\/www.suitesmachado.com\/fr\/wp-json\/wp\/v2\/media?parent=3249"}],"curies":[{"name":"wp","href":"https:\/\/api.w.org\/{rel}","templated":true}]}}